{"id":6141,"date":"2026-04-26T17:21:23","date_gmt":"2026-04-26T15:21:23","guid":{"rendered":"https:\/\/www.excellenceditorial.com\/producto\/galla\/"},"modified":"2026-04-26T17:36:18","modified_gmt":"2026-04-26T15:36:18","slug":"galla","status":"publish","type":"product","link":"https:\/\/www.excellenceditorial.com\/ca\/producto\/galla\/","title":{"rendered":"Gal\u00b7la"},"content":{"rendered":"","protected":false},"excerpt":{"rendered":"<p><i class=\"fal fa-user-edit\"><\/i> <strong>Escriptores:<\/strong> Carmen Costa y Laura Delicado<br \/>\n<i class=\"fal fa-pencil-paintbrush\"><\/i> <strong>Il\u00b7lustradora:<\/strong> Alicia Costa<br \/>\n<i class=\"fal fa-book\"><\/i> <strong>Enquadernaci\u00f3:<\/strong> Cartr\u00f3<br \/>\n<i class=\"fal fa-book-open\"><\/i> <strong>N\u00famero de p\u00e0gines:<\/strong> 8 d\u00edptics<br \/>\n<i class=\"fal fa-ruler-combined\"><\/i> <strong>Mides:<\/strong> 16x16cm<br \/>\n<i class=\"fal fa-calendar-star\"><\/i> <strong>Publicaci\u00f3:<\/strong> abril 2026<\/p>\n","protected":false},"featured_media":6144,"template":"","meta":[],"product_brand":[],"product_cat":[141,119],"product_tag":[],"class_list":{"0":"post-6141","1":"product","2":"type-product","3":"status-publish","4":"has-post-thumbnail","6":"product_cat-cantats-amb-emocio","7":"product_cat-tots-els-contes","8":"pa_idioma-castella","9":"pa_idioma-catala","11":"first","12":"instock","13":"featured","14":"taxable","15":"shipping-taxable","16":"purchasable","17":"product-type-variable"},"yoast_head":"<!-- This site is optimized with the Yoast SEO plugin v27.4 - https:\/\/yoast.com\/product\/yoast-seo-wordpress\/ -->\n<title>Gal\u00b7la - Excellence Editorial<\/title>\n<meta name=\"robots\" content=\"index, follow, max-snippet:-1, max-image-preview:large, max-video-preview:-1\" \/>\n<link rel=\"canonical\" href=\"https:\/\/www.excellenceditorial.com\/ca\/producto\/galla\/\" \/>\n<meta property=\"og:locale\" content=\"ca_ES\" \/>\n<meta property=\"og:type\" content=\"article\" \/>\n<meta property=\"og:title\" content=\"Gal\u00b7la - Excellence Editorial\" \/>\n<meta property=\"og:description\" content=\"Escriptores: Carmen Costa y Laura Delicado  Il\u00b7lustradora: Alicia Costa  Enquadernaci\u00f3: Cartr\u00f3  N\u00famero de p\u00e0gines: 8 d\u00edptics  Mides: 16x16cm  Publicaci\u00f3: abril 2026\" \/>\n<meta property=\"og:url\" content=\"https:\/\/www.excellenceditorial.com\/ca\/producto\/galla\/\" \/>\n<meta property=\"og:site_name\" content=\"Excellence Editorial\" \/>\n<meta property=\"article:publisher\" content=\"https:\/\/www.facebook.com\/excellenceditorial\/\" \/>\n<meta property=\"article:modified_time\" content=\"2026-04-26T15:36:18+00:00\" \/>\n<meta property=\"og:image\" content=\"https:\/\/www.excellenceditorial.com\/wp-content\/uploads\/2026\/04\/IMG-20260319-WA0007.jpg\" \/>\n\t<meta property=\"og:image:width\" content=\"1080\" \/>\n\t<meta property=\"og:image:height\" content=\"1071\" \/>\n\t<meta property=\"og:image:type\" content=\"image\/jpeg\" \/>\n<meta name=\"twitter:card\" content=\"summary_large_image\" \/>\n<meta name=\"twitter:label1\" content=\"Temps estimat de lectura\" \/>\n\t<meta name=\"twitter:data1\" content=\"1 minut\" \/>\n<script type=\"application\/ld+json\" class=\"yoast-schema-graph\">{\"@context\":\"https:\\\/\\\/schema.org\",\"@graph\":[{\"@type\":\"WebPage\",\"@id\":\"https:\\\/\\\/www.excellenceditorial.com\\\/ca\\\/producto\\\/galla\\\/\",\"url\":\"https:\\\/\\\/www.excellenceditorial.com\\\/ca\\\/producto\\\/galla\\\/\",\"name\":\"Gal\u00b7la - Excellence Editorial\",\"isPartOf\":{\"@id\":\"https:\\\/\\\/www.excellenceditorial.com\\\/#website\"},\"primaryImageOfPage\":{\"@id\":\"https:\\\/\\\/www.excellenceditorial.com\\\/ca\\\/producto\\\/galla\\\/#primaryimage\"},\"image\":{\"@id\":\"https:\\\/\\\/www.excellenceditorial.com\\\/ca\\\/producto\\\/galla\\\/#primaryimage\"},\"thumbnailUrl\":\"https:\\\/\\\/www.excellenceditorial.com\\\/wp-content\\\/uploads\\\/2026\\\/04\\\/IMG-20260319-WA0007.jpg\",\"datePublished\":\"2026-04-26T15:21:23+00:00\",\"dateModified\":\"2026-04-26T15:36:18+00:00\",\"breadcrumb\":{\"@id\":\"https:\\\/\\\/www.excellenceditorial.com\\\/ca\\\/producto\\\/galla\\\/#breadcrumb\"},\"inLanguage\":\"ca\",\"potentialAction\":[{\"@type\":\"ReadAction\",\"target\":[\"https:\\\/\\\/www.excellenceditorial.com\\\/ca\\\/producto\\\/galla\\\/\"]}]},{\"@type\":\"ImageObject\",\"inLanguage\":\"ca\",\"@id\":\"https:\\\/\\\/www.excellenceditorial.com\\\/ca\\\/producto\\\/galla\\\/#primaryimage\",\"url\":\"https:\\\/\\\/www.excellenceditorial.com\\\/wp-content\\\/uploads\\\/2026\\\/04\\\/IMG-20260319-WA0007.jpg\",\"contentUrl\":\"https:\\\/\\\/www.excellenceditorial.com\\\/wp-content\\\/uploads\\\/2026\\\/04\\\/IMG-20260319-WA0007.jpg\",\"width\":1080,\"height\":1071},{\"@type\":\"BreadcrumbList\",\"@id\":\"https:\\\/\\\/www.excellenceditorial.com\\\/ca\\\/producto\\\/galla\\\/#breadcrumb\",\"itemListElement\":[{\"@type\":\"ListItem\",\"position\":1,\"name\":\"Portada\",\"item\":\"https:\\\/\\\/www.excellenceditorial.com\\\/ca\\\/\"},{\"@type\":\"ListItem\",\"position\":2,\"name\":\"Botiga\",\"item\":\"https:\\\/\\\/www.excellenceditorial.com\\\/tienda\\\/\"},{\"@type\":\"ListItem\",\"position\":3,\"name\":\"Gal\u00b7la\"}]},{\"@type\":\"WebSite\",\"@id\":\"https:\\\/\\\/www.excellenceditorial.com\\\/#website\",\"url\":\"https:\\\/\\\/www.excellenceditorial.com\\\/\",\"name\":\"Excellence Editorial\",\"description\":\"\u00c1lbumes ilustrados para peque\u00f1os y mayores\",\"publisher\":{\"@id\":\"https:\\\/\\\/www.excellenceditorial.com\\\/#organization\"},\"potentialAction\":[{\"@type\":\"SearchAction\",\"target\":{\"@type\":\"EntryPoint\",\"urlTemplate\":\"https:\\\/\\\/www.excellenceditorial.com\\\/?s={search_term_string}\"},\"query-input\":{\"@type\":\"PropertyValueSpecification\",\"valueRequired\":true,\"valueName\":\"search_term_string\"}}],\"inLanguage\":\"ca\"},{\"@type\":\"Organization\",\"@id\":\"https:\\\/\\\/www.excellenceditorial.com\\\/#organization\",\"name\":\"Excellence Editorial\",\"url\":\"https:\\\/\\\/www.excellenceditorial.com\\\/\",\"logo\":{\"@type\":\"ImageObject\",\"inLanguage\":\"ca\",\"@id\":\"https:\\\/\\\/www.excellenceditorial.com\\\/#\\\/schema\\\/logo\\\/image\\\/\",\"url\":\"https:\\\/\\\/www.excellenceditorial.com\\\/wp-content\\\/uploads\\\/2017\\\/05\\\/excellenceditorial_logo.gif\",\"contentUrl\":\"https:\\\/\\\/www.excellenceditorial.com\\\/wp-content\\\/uploads\\\/2017\\\/05\\\/excellenceditorial_logo.gif\",\"width\":190,\"height\":190,\"caption\":\"Excellence Editorial\"},\"image\":{\"@id\":\"https:\\\/\\\/www.excellenceditorial.com\\\/#\\\/schema\\\/logo\\\/image\\\/\"},\"sameAs\":[\"https:\\\/\\\/www.facebook.com\\\/excellenceditorial\\\/\",\"https:\\\/\\\/www.instagram.com\\\/excellenceditorial\\\/\"]}]}<\/script>\n<!-- \/ Yoast SEO plugin. -->","yoast_head_json":{"title":"Gal\u00b7la - Excellence Editorial","robots":{"index":"index","follow":"follow","max-snippet":"max-snippet:-1","max-image-preview":"max-image-preview:large","max-video-preview":"max-video-preview:-1"},"canonical":"https:\/\/www.excellenceditorial.com\/ca\/producto\/galla\/","og_locale":"ca_ES","og_type":"article","og_title":"Gal\u00b7la - Excellence Editorial","og_description":"Escriptores: Carmen Costa y Laura Delicado  Il\u00b7lustradora: Alicia Costa  Enquadernaci\u00f3: Cartr\u00f3  N\u00famero de p\u00e0gines: 8 d\u00edptics  Mides: 16x16cm  Publicaci\u00f3: abril 2026","og_url":"https:\/\/www.excellenceditorial.com\/ca\/producto\/galla\/","og_site_name":"Excellence Editorial","article_publisher":"https:\/\/www.facebook.com\/excellenceditorial\/","article_modified_time":"2026-04-26T15:36:18+00:00","og_image":[{"width":1080,"height":1071,"url":"https:\/\/www.excellenceditorial.com\/wp-content\/uploads\/2026\/04\/IMG-20260319-WA0007.jpg","type":"image\/jpeg"}],"twitter_card":"summary_large_image","twitter_misc":{"Temps estimat de lectura":"1 minut"},"schema":{"@context":"https:\/\/schema.org","@graph":[{"@type":"WebPage","@id":"https:\/\/www.excellenceditorial.com\/ca\/producto\/galla\/","url":"https:\/\/www.excellenceditorial.com\/ca\/producto\/galla\/","name":"Gal\u00b7la - Excellence Editorial","isPartOf":{"@id":"https:\/\/www.excellenceditorial.com\/#website"},"primaryImageOfPage":{"@id":"https:\/\/www.excellenceditorial.com\/ca\/producto\/galla\/#primaryimage"},"image":{"@id":"https:\/\/www.excellenceditorial.com\/ca\/producto\/galla\/#primaryimage"},"thumbnailUrl":"https:\/\/www.excellenceditorial.com\/wp-content\/uploads\/2026\/04\/IMG-20260319-WA0007.jpg","datePublished":"2026-04-26T15:21:23+00:00","dateModified":"2026-04-26T15:36:18+00:00","breadcrumb":{"@id":"https:\/\/www.excellenceditorial.com\/ca\/producto\/galla\/#breadcrumb"},"inLanguage":"ca","potentialAction":[{"@type":"ReadAction","target":["https:\/\/www.excellenceditorial.com\/ca\/producto\/galla\/"]}]},{"@type":"ImageObject","inLanguage":"ca","@id":"https:\/\/www.excellenceditorial.com\/ca\/producto\/galla\/#primaryimage","url":"https:\/\/www.excellenceditorial.com\/wp-content\/uploads\/2026\/04\/IMG-20260319-WA0007.jpg","contentUrl":"https:\/\/www.excellenceditorial.com\/wp-content\/uploads\/2026\/04\/IMG-20260319-WA0007.jpg","width":1080,"height":1071},{"@type":"BreadcrumbList","@id":"https:\/\/www.excellenceditorial.com\/ca\/producto\/galla\/#breadcrumb","itemListElement":[{"@type":"ListItem","position":1,"name":"Portada","item":"https:\/\/www.excellenceditorial.com\/ca\/"},{"@type":"ListItem","position":2,"name":"Botiga","item":"https:\/\/www.excellenceditorial.com\/tienda\/"},{"@type":"ListItem","position":3,"name":"Gal\u00b7la"}]},{"@type":"WebSite","@id":"https:\/\/www.excellenceditorial.com\/#website","url":"https:\/\/www.excellenceditorial.com\/","name":"Excellence Editorial","description":"\u00c1lbumes ilustrados para peque\u00f1os y mayores","publisher":{"@id":"https:\/\/www.excellenceditorial.com\/#organization"},"potentialAction":[{"@type":"SearchAction","target":{"@type":"EntryPoint","urlTemplate":"https:\/\/www.excellenceditorial.com\/?s={search_term_string}"},"query-input":{"@type":"PropertyValueSpecification","valueRequired":true,"valueName":"search_term_string"}}],"inLanguage":"ca"},{"@type":"Organization","@id":"https:\/\/www.excellenceditorial.com\/#organization","name":"Excellence Editorial","url":"https:\/\/www.excellenceditorial.com\/","logo":{"@type":"ImageObject","inLanguage":"ca","@id":"https:\/\/www.excellenceditorial.com\/#\/schema\/logo\/image\/","url":"https:\/\/www.excellenceditorial.com\/wp-content\/uploads\/2017\/05\/excellenceditorial_logo.gif","contentUrl":"https:\/\/www.excellenceditorial.com\/wp-content\/uploads\/2017\/05\/excellenceditorial_logo.gif","width":190,"height":190,"caption":"Excellence Editorial"},"image":{"@id":"https:\/\/www.excellenceditorial.com\/#\/schema\/logo\/image\/"},"sameAs":["https:\/\/www.facebook.com\/excellenceditorial\/","https:\/\/www.instagram.com\/excellenceditorial\/"]}]}},"_links":{"self":[{"href":"https:\/\/www.excellenceditorial.com\/ca\/wp-json\/wp\/v2\/product\/6141","targetHints":{"allow":["GET"]}}],"collection":[{"href":"https:\/\/www.excellenceditorial.com\/ca\/wp-json\/wp\/v2\/product"}],"about":[{"href":"https:\/\/www.excellenceditorial.com\/ca\/wp-json\/wp\/v2\/types\/product"}],"wp:featuredmedia":[{"embeddable":true,"href":"https:\/\/www.excellenceditorial.com\/ca\/wp-json\/wp\/v2\/media\/6144"}],"wp:attachment":[{"href":"https:\/\/www.excellenceditorial.com\/ca\/wp-json\/wp\/v2\/media?parent=6141"}],"wp:term":[{"taxonomy":"product_brand","embeddable":true,"href":"https:\/\/www.excellenceditorial.com\/ca\/wp-json\/wp\/v2\/product_brand?post=6141"},{"taxonomy":"product_cat","embeddable":true,"href":"https:\/\/www.excellenceditorial.com\/ca\/wp-json\/wp\/v2\/product_cat?post=6141"},{"taxonomy":"product_tag","embeddable":true,"href":"https:\/\/www.excellenceditorial.com\/ca\/wp-json\/wp\/v2\/product_tag?post=6141"}],"curies":[{"name":"wp","href":"https:\/\/api.w.org\/{rel}","templated":true}]}}