{"id":6073,"date":"2026-03-31T20:05:53","date_gmt":"2026-03-31T18:05:53","guid":{"rendered":"https:\/\/www.excellenceditorial.com\/?post_type=product&#038;p=6073"},"modified":"2026-03-31T20:16:23","modified_gmt":"2026-03-31T18:16:23","slug":"la-baldufa-presumida","status":"publish","type":"product","link":"https:\/\/www.excellenceditorial.com\/ca\/producto\/la-baldufa-presumida\/","title":{"rendered":"LA BALDUFA PRESUMIDA"},"content":{"rendered":"<section class=\"l-section wpb_row height_medium\"><div class=\"l-section-h i-cf\"><div class=\"g-cols vc_row via_grid cols_1 laptops-cols_inherit tablets-cols_inherit mobiles-cols_1 valign_top type_default stacking_default\"><div class=\"wpb_column vc_column_container\"><div class=\"vc_column-inner\"><div class=\"wpb_text_column\"><div class=\"wpb_wrapper\"><p>En Pere, amb mal de coll i febre, no pot anar a l\u2019escola. Avorrit, remena en casa fins que descobreix, enmig de joguines velles i del tot oblidades, una antiga baldufa amb la qual havia jugat quan era petit.<br \/>\nLa baldufa, despr\u00e9s de tant de temps sense que ning\u00fa es record\u00e9s d\u2019ella, presumeix de ser la joguina preferida del nen, per\u00f2 no compta que una pilota li pit prendre el protagonisme.<br \/>\nFins on arribaran l\u2019enginy i el cor de la baldufa per aconseguir que en Pere torni a jugar amb ella?<\/p>\n<\/div><\/div><\/div><\/div><\/div><\/div><\/section>\n","protected":false},"excerpt":{"rendered":"<p><i class=\"fal fa-user-edit\"><\/i> <strong>Escriptora:<\/strong> Eul\u00e0lia Par\u00eds<br \/>\n<i class=\"fal fa-pencil-paintbrush\"><\/i> <strong>Il\u00b7lustrador:<\/strong> Francesc Rovira<br \/>\n<i class=\"fal fa-book\"><\/i> <strong>Enquadernaci\u00f3:<\/strong> Tapa dura<br \/>\n<i class=\"fal fa-book-open\"><\/i> <strong>N\u00famero de p\u00e0gines:<\/strong> 32<br \/>\n<i class=\"fal fa-ruler-combined\"><\/i> <strong>Mides:<\/strong> 27x23cm<br \/>\n<i class=\"fal fa-calendar-star\"><\/i> <strong>Publicaci\u00f3:<\/strong> mar\u00e7 2026<\/p>\n","protected":false},"featured_media":6080,"template":"","meta":[],"product_brand":[],"product_cat":[119],"product_tag":[],"class_list":{"0":"post-6073","1":"product","2":"type-product","3":"status-publish","4":"has-post-thumbnail","6":"product_cat-tots-els-contes","7":"pa_idioma-castella","8":"pa_idioma-catala","10":"first","11":"instock","12":"featured","13":"taxable","14":"shipping-taxable","15":"purchasable","16":"product-type-variable"},"yoast_head":"<!-- This site is optimized with the Yoast SEO plugin v27.4 - https:\/\/yoast.com\/product\/yoast-seo-wordpress\/ -->\n<title>LA BALDUFA PRESUMIDA - Excellence Editorial<\/title>\n<meta name=\"robots\" content=\"index, follow, max-snippet:-1, max-image-preview:large, max-video-preview:-1\" \/>\n<link rel=\"canonical\" href=\"https:\/\/www.excellenceditorial.com\/ca\/producto\/la-baldufa-presumida\/\" \/>\n<meta property=\"og:locale\" content=\"ca_ES\" \/>\n<meta property=\"og:type\" content=\"article\" \/>\n<meta property=\"og:title\" content=\"LA BALDUFA PRESUMIDA - Excellence Editorial\" \/>\n<meta property=\"og:description\" content=\"Escriptora: Eul\u00e0lia Par\u00eds  Il\u00b7lustrador: Francesc Rovira  Enquadernaci\u00f3: Tapa dura  N\u00famero de p\u00e0gines: 32  Mides: 27x23cm  Publicaci\u00f3: mar\u00e7 2026\" \/>\n<meta property=\"og:url\" content=\"https:\/\/www.excellenceditorial.com\/ca\/producto\/la-baldufa-presumida\/\" \/>\n<meta property=\"og:site_name\" content=\"Excellence Editorial\" \/>\n<meta property=\"article:publisher\" content=\"https:\/\/www.facebook.com\/excellenceditorial\/\" \/>\n<meta property=\"article:modified_time\" content=\"2026-03-31T18:16:23+00:00\" \/>\n<meta property=\"og:image\" content=\"https:\/\/www.excellenceditorial.com\/wp-content\/uploads\/2026\/03\/9791399082388_esp.png\" \/>\n\t<meta property=\"og:image:width\" content=\"664\" \/>\n\t<meta property=\"og:image:height\" content=\"778\" \/>\n\t<meta property=\"og:image:type\" content=\"image\/png\" \/>\n<meta name=\"twitter:card\" content=\"summary_large_image\" \/>\n<meta name=\"twitter:label1\" content=\"Temps estimat de lectura\" \/>\n\t<meta name=\"twitter:data1\" content=\"1 minut\" \/>\n<script type=\"application\/ld+json\" class=\"yoast-schema-graph\">{\"@context\":\"https:\\\/\\\/schema.org\",\"@graph\":[{\"@type\":\"WebPage\",\"@id\":\"https:\\\/\\\/www.excellenceditorial.com\\\/ca\\\/producto\\\/la-baldufa-presumida\\\/\",\"url\":\"https:\\\/\\\/www.excellenceditorial.com\\\/ca\\\/producto\\\/la-baldufa-presumida\\\/\",\"name\":\"LA BALDUFA PRESUMIDA - Excellence Editorial\",\"isPartOf\":{\"@id\":\"https:\\\/\\\/www.excellenceditorial.com\\\/#website\"},\"primaryImageOfPage\":{\"@id\":\"https:\\\/\\\/www.excellenceditorial.com\\\/ca\\\/producto\\\/la-baldufa-presumida\\\/#primaryimage\"},\"image\":{\"@id\":\"https:\\\/\\\/www.excellenceditorial.com\\\/ca\\\/producto\\\/la-baldufa-presumida\\\/#primaryimage\"},\"thumbnailUrl\":\"https:\\\/\\\/www.excellenceditorial.com\\\/wp-content\\\/uploads\\\/2026\\\/03\\\/9791399082371_cat-2.png\",\"datePublished\":\"2026-03-31T18:05:53+00:00\",\"dateModified\":\"2026-03-31T18:16:23+00:00\",\"breadcrumb\":{\"@id\":\"https:\\\/\\\/www.excellenceditorial.com\\\/ca\\\/producto\\\/la-baldufa-presumida\\\/#breadcrumb\"},\"inLanguage\":\"ca\",\"potentialAction\":[{\"@type\":\"ReadAction\",\"target\":[\"https:\\\/\\\/www.excellenceditorial.com\\\/ca\\\/producto\\\/la-baldufa-presumida\\\/\"]}]},{\"@type\":\"ImageObject\",\"inLanguage\":\"ca\",\"@id\":\"https:\\\/\\\/www.excellenceditorial.com\\\/ca\\\/producto\\\/la-baldufa-presumida\\\/#primaryimage\",\"url\":\"https:\\\/\\\/www.excellenceditorial.com\\\/wp-content\\\/uploads\\\/2026\\\/03\\\/9791399082371_cat-2.png\",\"contentUrl\":\"https:\\\/\\\/www.excellenceditorial.com\\\/wp-content\\\/uploads\\\/2026\\\/03\\\/9791399082371_cat-2.png\",\"width\":664,\"height\":795},{\"@type\":\"BreadcrumbList\",\"@id\":\"https:\\\/\\\/www.excellenceditorial.com\\\/ca\\\/producto\\\/la-baldufa-presumida\\\/#breadcrumb\",\"itemListElement\":[{\"@type\":\"ListItem\",\"position\":1,\"name\":\"Portada\",\"item\":\"https:\\\/\\\/www.excellenceditorial.com\\\/ca\\\/\"},{\"@type\":\"ListItem\",\"position\":2,\"name\":\"Botiga\",\"item\":\"https:\\\/\\\/www.excellenceditorial.com\\\/tienda\\\/\"},{\"@type\":\"ListItem\",\"position\":3,\"name\":\"LA BALDUFA PRESUMIDA\"}]},{\"@type\":\"WebSite\",\"@id\":\"https:\\\/\\\/www.excellenceditorial.com\\\/#website\",\"url\":\"https:\\\/\\\/www.excellenceditorial.com\\\/\",\"name\":\"Excellence Editorial\",\"description\":\"\u00c1lbumes ilustrados para peque\u00f1os y mayores\",\"publisher\":{\"@id\":\"https:\\\/\\\/www.excellenceditorial.com\\\/#organization\"},\"potentialAction\":[{\"@type\":\"SearchAction\",\"target\":{\"@type\":\"EntryPoint\",\"urlTemplate\":\"https:\\\/\\\/www.excellenceditorial.com\\\/?s={search_term_string}\"},\"query-input\":{\"@type\":\"PropertyValueSpecification\",\"valueRequired\":true,\"valueName\":\"search_term_string\"}}],\"inLanguage\":\"ca\"},{\"@type\":\"Organization\",\"@id\":\"https:\\\/\\\/www.excellenceditorial.com\\\/#organization\",\"name\":\"Excellence Editorial\",\"url\":\"https:\\\/\\\/www.excellenceditorial.com\\\/\",\"logo\":{\"@type\":\"ImageObject\",\"inLanguage\":\"ca\",\"@id\":\"https:\\\/\\\/www.excellenceditorial.com\\\/#\\\/schema\\\/logo\\\/image\\\/\",\"url\":\"https:\\\/\\\/www.excellenceditorial.com\\\/wp-content\\\/uploads\\\/2017\\\/05\\\/excellenceditorial_logo.gif\",\"contentUrl\":\"https:\\\/\\\/www.excellenceditorial.com\\\/wp-content\\\/uploads\\\/2017\\\/05\\\/excellenceditorial_logo.gif\",\"width\":190,\"height\":190,\"caption\":\"Excellence Editorial\"},\"image\":{\"@id\":\"https:\\\/\\\/www.excellenceditorial.com\\\/#\\\/schema\\\/logo\\\/image\\\/\"},\"sameAs\":[\"https:\\\/\\\/www.facebook.com\\\/excellenceditorial\\\/\",\"https:\\\/\\\/www.instagram.com\\\/excellenceditorial\\\/\"]}]}<\/script>\n<!-- \/ Yoast SEO plugin. -->","yoast_head_json":{"title":"LA BALDUFA PRESUMIDA - Excellence Editorial","robots":{"index":"index","follow":"follow","max-snippet":"max-snippet:-1","max-image-preview":"max-image-preview:large","max-video-preview":"max-video-preview:-1"},"canonical":"https:\/\/www.excellenceditorial.com\/ca\/producto\/la-baldufa-presumida\/","og_locale":"ca_ES","og_type":"article","og_title":"LA BALDUFA PRESUMIDA - Excellence Editorial","og_description":"Escriptora: Eul\u00e0lia Par\u00eds  Il\u00b7lustrador: Francesc Rovira  Enquadernaci\u00f3: Tapa dura  N\u00famero de p\u00e0gines: 32  Mides: 27x23cm  Publicaci\u00f3: mar\u00e7 2026","og_url":"https:\/\/www.excellenceditorial.com\/ca\/producto\/la-baldufa-presumida\/","og_site_name":"Excellence Editorial","article_publisher":"https:\/\/www.facebook.com\/excellenceditorial\/","article_modified_time":"2026-03-31T18:16:23+00:00","og_image":[{"width":664,"height":778,"url":"https:\/\/www.excellenceditorial.com\/wp-content\/uploads\/2026\/03\/9791399082388_esp.png","type":"image\/png"}],"twitter_card":"summary_large_image","twitter_misc":{"Temps estimat de lectura":"1 minut"},"schema":{"@context":"https:\/\/schema.org","@graph":[{"@type":"WebPage","@id":"https:\/\/www.excellenceditorial.com\/ca\/producto\/la-baldufa-presumida\/","url":"https:\/\/www.excellenceditorial.com\/ca\/producto\/la-baldufa-presumida\/","name":"LA BALDUFA PRESUMIDA - Excellence Editorial","isPartOf":{"@id":"https:\/\/www.excellenceditorial.com\/#website"},"primaryImageOfPage":{"@id":"https:\/\/www.excellenceditorial.com\/ca\/producto\/la-baldufa-presumida\/#primaryimage"},"image":{"@id":"https:\/\/www.excellenceditorial.com\/ca\/producto\/la-baldufa-presumida\/#primaryimage"},"thumbnailUrl":"https:\/\/www.excellenceditorial.com\/wp-content\/uploads\/2026\/03\/9791399082371_cat-2.png","datePublished":"2026-03-31T18:05:53+00:00","dateModified":"2026-03-31T18:16:23+00:00","breadcrumb":{"@id":"https:\/\/www.excellenceditorial.com\/ca\/producto\/la-baldufa-presumida\/#breadcrumb"},"inLanguage":"ca","potentialAction":[{"@type":"ReadAction","target":["https:\/\/www.excellenceditorial.com\/ca\/producto\/la-baldufa-presumida\/"]}]},{"@type":"ImageObject","inLanguage":"ca","@id":"https:\/\/www.excellenceditorial.com\/ca\/producto\/la-baldufa-presumida\/#primaryimage","url":"https:\/\/www.excellenceditorial.com\/wp-content\/uploads\/2026\/03\/9791399082371_cat-2.png","contentUrl":"https:\/\/www.excellenceditorial.com\/wp-content\/uploads\/2026\/03\/9791399082371_cat-2.png","width":664,"height":795},{"@type":"BreadcrumbList","@id":"https:\/\/www.excellenceditorial.com\/ca\/producto\/la-baldufa-presumida\/#breadcrumb","itemListElement":[{"@type":"ListItem","position":1,"name":"Portada","item":"https:\/\/www.excellenceditorial.com\/ca\/"},{"@type":"ListItem","position":2,"name":"Botiga","item":"https:\/\/www.excellenceditorial.com\/tienda\/"},{"@type":"ListItem","position":3,"name":"LA BALDUFA PRESUMIDA"}]},{"@type":"WebSite","@id":"https:\/\/www.excellenceditorial.com\/#website","url":"https:\/\/www.excellenceditorial.com\/","name":"Excellence Editorial","description":"\u00c1lbumes ilustrados para peque\u00f1os y mayores","publisher":{"@id":"https:\/\/www.excellenceditorial.com\/#organization"},"potentialAction":[{"@type":"SearchAction","target":{"@type":"EntryPoint","urlTemplate":"https:\/\/www.excellenceditorial.com\/?s={search_term_string}"},"query-input":{"@type":"PropertyValueSpecification","valueRequired":true,"valueName":"search_term_string"}}],"inLanguage":"ca"},{"@type":"Organization","@id":"https:\/\/www.excellenceditorial.com\/#organization","name":"Excellence Editorial","url":"https:\/\/www.excellenceditorial.com\/","logo":{"@type":"ImageObject","inLanguage":"ca","@id":"https:\/\/www.excellenceditorial.com\/#\/schema\/logo\/image\/","url":"https:\/\/www.excellenceditorial.com\/wp-content\/uploads\/2017\/05\/excellenceditorial_logo.gif","contentUrl":"https:\/\/www.excellenceditorial.com\/wp-content\/uploads\/2017\/05\/excellenceditorial_logo.gif","width":190,"height":190,"caption":"Excellence Editorial"},"image":{"@id":"https:\/\/www.excellenceditorial.com\/#\/schema\/logo\/image\/"},"sameAs":["https:\/\/www.facebook.com\/excellenceditorial\/","https:\/\/www.instagram.com\/excellenceditorial\/"]}]}},"_links":{"self":[{"href":"https:\/\/www.excellenceditorial.com\/ca\/wp-json\/wp\/v2\/product\/6073","targetHints":{"allow":["GET"]}}],"collection":[{"href":"https:\/\/www.excellenceditorial.com\/ca\/wp-json\/wp\/v2\/product"}],"about":[{"href":"https:\/\/www.excellenceditorial.com\/ca\/wp-json\/wp\/v2\/types\/product"}],"wp:featuredmedia":[{"embeddable":true,"href":"https:\/\/www.excellenceditorial.com\/ca\/wp-json\/wp\/v2\/media\/6080"}],"wp:attachment":[{"href":"https:\/\/www.excellenceditorial.com\/ca\/wp-json\/wp\/v2\/media?parent=6073"}],"wp:term":[{"taxonomy":"product_brand","embeddable":true,"href":"https:\/\/www.excellenceditorial.com\/ca\/wp-json\/wp\/v2\/product_brand?post=6073"},{"taxonomy":"product_cat","embeddable":true,"href":"https:\/\/www.excellenceditorial.com\/ca\/wp-json\/wp\/v2\/product_cat?post=6073"},{"taxonomy":"product_tag","embeddable":true,"href":"https:\/\/www.excellenceditorial.com\/ca\/wp-json\/wp\/v2\/product_tag?post=6073"}],"curies":[{"name":"wp","href":"https:\/\/api.w.org\/{rel}","templated":true}]}}