{"id":5413,"date":"2024-02-21T11:09:48","date_gmt":"2024-02-21T10:09:48","guid":{"rendered":"https:\/\/www.excellenceditorial.com\/producto\/no-estic-sola\/"},"modified":"2024-02-21T11:14:05","modified_gmt":"2024-02-21T10:14:05","slug":"no-estic-sola","status":"publish","type":"product","link":"https:\/\/www.excellenceditorial.com\/ca\/producto\/no-estic-sola\/","title":{"rendered":"No estic sola"},"content":{"rendered":"<p>La solitud sol anar acompanyada d\u2019un sentiment de tristesa perqu\u00e8 percep l\u2019abs\u00e8ncia de companyia. Per\u00f2 podria ser de vegades resultat de la nostra percepci\u00f3?<br \/>\nLa Rita es posa trista perqu\u00e8 \u00e9s filla \u00fanica. El fet de no tenir germans ni germanes, li fa pensar que no t\u00e9 ning\u00fa al seu costat. Per\u00f2 la seva \u00e0via, que sempre li explica bones hist\u00f2ries, li far\u00e0 veure les coses d\u2019una altra manera.<br \/>\nI TU, TENS ALG\u00da AL TEU COSTAT?<\/p>\n","protected":false},"excerpt":{"rendered":"<p><strong>Escriptora:<\/strong> Agn\u00e8s Fabreg\u00e0<br \/>\n<strong>Il\u00b7lustradora:<\/strong> Jorgina Juv\u00e9<br \/>\n<strong>Enquadernaci\u00f3:<\/strong> tapa dura<br \/>\n<strong>N\u00famero p\u00e0gines:<\/strong> 36<br \/>\n<strong>Mides:<\/strong> 23x23cm<br \/>\n<strong>Publicaci\u00f3:<\/strong> Mar\u00e7 2024<br \/>\n<strong>A partir de:<\/strong> 4 anys<\/p>\n","protected":false},"featured_media":5412,"template":"","meta":[],"product_brand":[],"product_cat":[119],"product_tag":[],"class_list":{"0":"post-5413","1":"product","2":"type-product","3":"status-publish","4":"has-post-thumbnail","6":"product_cat-tots-els-contes","7":"product_shipping_class-preu-fix","8":"pa_idioma-castella","9":"pa_idioma-catala","11":"first","12":"instock","13":"taxable","14":"shipping-taxable","15":"purchasable","16":"product-type-variable"},"yoast_head":"<!-- This site is optimized with the Yoast SEO plugin v27.4 - https:\/\/yoast.com\/product\/yoast-seo-wordpress\/ -->\n<title>No estic sola - Excellence Editorial<\/title>\n<meta name=\"robots\" content=\"index, follow, max-snippet:-1, max-image-preview:large, max-video-preview:-1\" \/>\n<link rel=\"canonical\" href=\"https:\/\/www.excellenceditorial.com\/ca\/producto\/no-estic-sola\/\" \/>\n<meta property=\"og:locale\" content=\"ca_ES\" \/>\n<meta property=\"og:type\" content=\"article\" \/>\n<meta property=\"og:title\" content=\"No estic sola - Excellence Editorial\" \/>\n<meta property=\"og:description\" content=\"Escriptora: Agn\u00e8s Fabreg\u00e0 Il\u00b7lustradora: Jorgina Juv\u00e9 Enquadernaci\u00f3: tapa dura N\u00famero p\u00e0gines: 36 Mides: 23x23cm Publicaci\u00f3: Mar\u00e7 2024 A partir de: 4 anys\" \/>\n<meta property=\"og:url\" content=\"https:\/\/www.excellenceditorial.com\/ca\/producto\/no-estic-sola\/\" \/>\n<meta property=\"og:site_name\" content=\"Excellence Editorial\" \/>\n<meta property=\"article:publisher\" content=\"https:\/\/www.facebook.com\/excellenceditorial\/\" \/>\n<meta property=\"article:modified_time\" content=\"2024-02-21T10:14:05+00:00\" \/>\n<meta property=\"og:image\" content=\"https:\/\/www.excellenceditorial.com\/wp-content\/uploads\/2024\/02\/No-estic-sola.webp\" \/>\n\t<meta property=\"og:image:width\" content=\"720\" \/>\n\t<meta property=\"og:image:height\" content=\"725\" \/>\n\t<meta property=\"og:image:type\" content=\"image\/webp\" \/>\n<meta name=\"twitter:card\" content=\"summary_large_image\" \/>\n<meta name=\"twitter:label1\" content=\"Temps estimat de lectura\" \/>\n\t<meta name=\"twitter:data1\" content=\"1 minut\" \/>\n<script type=\"application\/ld+json\" class=\"yoast-schema-graph\">{\"@context\":\"https:\\\/\\\/schema.org\",\"@graph\":[{\"@type\":\"WebPage\",\"@id\":\"https:\\\/\\\/www.excellenceditorial.com\\\/ca\\\/producto\\\/no-estic-sola\\\/\",\"url\":\"https:\\\/\\\/www.excellenceditorial.com\\\/ca\\\/producto\\\/no-estic-sola\\\/\",\"name\":\"No estic sola - Excellence Editorial\",\"isPartOf\":{\"@id\":\"https:\\\/\\\/www.excellenceditorial.com\\\/#website\"},\"primaryImageOfPage\":{\"@id\":\"https:\\\/\\\/www.excellenceditorial.com\\\/ca\\\/producto\\\/no-estic-sola\\\/#primaryimage\"},\"image\":{\"@id\":\"https:\\\/\\\/www.excellenceditorial.com\\\/ca\\\/producto\\\/no-estic-sola\\\/#primaryimage\"},\"thumbnailUrl\":\"https:\\\/\\\/www.excellenceditorial.com\\\/wp-content\\\/uploads\\\/2024\\\/02\\\/No-estic-sola.webp\",\"datePublished\":\"2024-02-21T10:09:48+00:00\",\"dateModified\":\"2024-02-21T10:14:05+00:00\",\"breadcrumb\":{\"@id\":\"https:\\\/\\\/www.excellenceditorial.com\\\/ca\\\/producto\\\/no-estic-sola\\\/#breadcrumb\"},\"inLanguage\":\"ca\",\"potentialAction\":[{\"@type\":\"ReadAction\",\"target\":[\"https:\\\/\\\/www.excellenceditorial.com\\\/ca\\\/producto\\\/no-estic-sola\\\/\"]}]},{\"@type\":\"ImageObject\",\"inLanguage\":\"ca\",\"@id\":\"https:\\\/\\\/www.excellenceditorial.com\\\/ca\\\/producto\\\/no-estic-sola\\\/#primaryimage\",\"url\":\"https:\\\/\\\/www.excellenceditorial.com\\\/wp-content\\\/uploads\\\/2024\\\/02\\\/No-estic-sola.webp\",\"contentUrl\":\"https:\\\/\\\/www.excellenceditorial.com\\\/wp-content\\\/uploads\\\/2024\\\/02\\\/No-estic-sola.webp\",\"width\":720,\"height\":725,\"caption\":\"No estic sola\"},{\"@type\":\"BreadcrumbList\",\"@id\":\"https:\\\/\\\/www.excellenceditorial.com\\\/ca\\\/producto\\\/no-estic-sola\\\/#breadcrumb\",\"itemListElement\":[{\"@type\":\"ListItem\",\"position\":1,\"name\":\"Portada\",\"item\":\"https:\\\/\\\/www.excellenceditorial.com\\\/ca\\\/\"},{\"@type\":\"ListItem\",\"position\":2,\"name\":\"Botiga\",\"item\":\"https:\\\/\\\/www.excellenceditorial.com\\\/tienda\\\/\"},{\"@type\":\"ListItem\",\"position\":3,\"name\":\"No estic sola\"}]},{\"@type\":\"WebSite\",\"@id\":\"https:\\\/\\\/www.excellenceditorial.com\\\/#website\",\"url\":\"https:\\\/\\\/www.excellenceditorial.com\\\/\",\"name\":\"Excellence Editorial\",\"description\":\"\u00c1lbumes ilustrados para peque\u00f1os y mayores\",\"publisher\":{\"@id\":\"https:\\\/\\\/www.excellenceditorial.com\\\/#organization\"},\"potentialAction\":[{\"@type\":\"SearchAction\",\"target\":{\"@type\":\"EntryPoint\",\"urlTemplate\":\"https:\\\/\\\/www.excellenceditorial.com\\\/?s={search_term_string}\"},\"query-input\":{\"@type\":\"PropertyValueSpecification\",\"valueRequired\":true,\"valueName\":\"search_term_string\"}}],\"inLanguage\":\"ca\"},{\"@type\":\"Organization\",\"@id\":\"https:\\\/\\\/www.excellenceditorial.com\\\/#organization\",\"name\":\"Excellence Editorial\",\"url\":\"https:\\\/\\\/www.excellenceditorial.com\\\/\",\"logo\":{\"@type\":\"ImageObject\",\"inLanguage\":\"ca\",\"@id\":\"https:\\\/\\\/www.excellenceditorial.com\\\/#\\\/schema\\\/logo\\\/image\\\/\",\"url\":\"https:\\\/\\\/www.excellenceditorial.com\\\/wp-content\\\/uploads\\\/2017\\\/05\\\/excellenceditorial_logo.gif\",\"contentUrl\":\"https:\\\/\\\/www.excellenceditorial.com\\\/wp-content\\\/uploads\\\/2017\\\/05\\\/excellenceditorial_logo.gif\",\"width\":190,\"height\":190,\"caption\":\"Excellence Editorial\"},\"image\":{\"@id\":\"https:\\\/\\\/www.excellenceditorial.com\\\/#\\\/schema\\\/logo\\\/image\\\/\"},\"sameAs\":[\"https:\\\/\\\/www.facebook.com\\\/excellenceditorial\\\/\",\"https:\\\/\\\/www.instagram.com\\\/excellenceditorial\\\/\"]}]}<\/script>\n<!-- \/ Yoast SEO plugin. -->","yoast_head_json":{"title":"No estic sola - Excellence Editorial","robots":{"index":"index","follow":"follow","max-snippet":"max-snippet:-1","max-image-preview":"max-image-preview:large","max-video-preview":"max-video-preview:-1"},"canonical":"https:\/\/www.excellenceditorial.com\/ca\/producto\/no-estic-sola\/","og_locale":"ca_ES","og_type":"article","og_title":"No estic sola - Excellence Editorial","og_description":"Escriptora: Agn\u00e8s Fabreg\u00e0 Il\u00b7lustradora: Jorgina Juv\u00e9 Enquadernaci\u00f3: tapa dura N\u00famero p\u00e0gines: 36 Mides: 23x23cm Publicaci\u00f3: Mar\u00e7 2024 A partir de: 4 anys","og_url":"https:\/\/www.excellenceditorial.com\/ca\/producto\/no-estic-sola\/","og_site_name":"Excellence Editorial","article_publisher":"https:\/\/www.facebook.com\/excellenceditorial\/","article_modified_time":"2024-02-21T10:14:05+00:00","og_image":[{"width":720,"height":725,"url":"https:\/\/www.excellenceditorial.com\/wp-content\/uploads\/2024\/02\/No-estic-sola.webp","type":"image\/webp"}],"twitter_card":"summary_large_image","twitter_misc":{"Temps estimat de lectura":"1 minut"},"schema":{"@context":"https:\/\/schema.org","@graph":[{"@type":"WebPage","@id":"https:\/\/www.excellenceditorial.com\/ca\/producto\/no-estic-sola\/","url":"https:\/\/www.excellenceditorial.com\/ca\/producto\/no-estic-sola\/","name":"No estic sola - Excellence Editorial","isPartOf":{"@id":"https:\/\/www.excellenceditorial.com\/#website"},"primaryImageOfPage":{"@id":"https:\/\/www.excellenceditorial.com\/ca\/producto\/no-estic-sola\/#primaryimage"},"image":{"@id":"https:\/\/www.excellenceditorial.com\/ca\/producto\/no-estic-sola\/#primaryimage"},"thumbnailUrl":"https:\/\/www.excellenceditorial.com\/wp-content\/uploads\/2024\/02\/No-estic-sola.webp","datePublished":"2024-02-21T10:09:48+00:00","dateModified":"2024-02-21T10:14:05+00:00","breadcrumb":{"@id":"https:\/\/www.excellenceditorial.com\/ca\/producto\/no-estic-sola\/#breadcrumb"},"inLanguage":"ca","potentialAction":[{"@type":"ReadAction","target":["https:\/\/www.excellenceditorial.com\/ca\/producto\/no-estic-sola\/"]}]},{"@type":"ImageObject","inLanguage":"ca","@id":"https:\/\/www.excellenceditorial.com\/ca\/producto\/no-estic-sola\/#primaryimage","url":"https:\/\/www.excellenceditorial.com\/wp-content\/uploads\/2024\/02\/No-estic-sola.webp","contentUrl":"https:\/\/www.excellenceditorial.com\/wp-content\/uploads\/2024\/02\/No-estic-sola.webp","width":720,"height":725,"caption":"No estic sola"},{"@type":"BreadcrumbList","@id":"https:\/\/www.excellenceditorial.com\/ca\/producto\/no-estic-sola\/#breadcrumb","itemListElement":[{"@type":"ListItem","position":1,"name":"Portada","item":"https:\/\/www.excellenceditorial.com\/ca\/"},{"@type":"ListItem","position":2,"name":"Botiga","item":"https:\/\/www.excellenceditorial.com\/tienda\/"},{"@type":"ListItem","position":3,"name":"No estic sola"}]},{"@type":"WebSite","@id":"https:\/\/www.excellenceditorial.com\/#website","url":"https:\/\/www.excellenceditorial.com\/","name":"Excellence Editorial","description":"\u00c1lbumes ilustrados para peque\u00f1os y mayores","publisher":{"@id":"https:\/\/www.excellenceditorial.com\/#organization"},"potentialAction":[{"@type":"SearchAction","target":{"@type":"EntryPoint","urlTemplate":"https:\/\/www.excellenceditorial.com\/?s={search_term_string}"},"query-input":{"@type":"PropertyValueSpecification","valueRequired":true,"valueName":"search_term_string"}}],"inLanguage":"ca"},{"@type":"Organization","@id":"https:\/\/www.excellenceditorial.com\/#organization","name":"Excellence Editorial","url":"https:\/\/www.excellenceditorial.com\/","logo":{"@type":"ImageObject","inLanguage":"ca","@id":"https:\/\/www.excellenceditorial.com\/#\/schema\/logo\/image\/","url":"https:\/\/www.excellenceditorial.com\/wp-content\/uploads\/2017\/05\/excellenceditorial_logo.gif","contentUrl":"https:\/\/www.excellenceditorial.com\/wp-content\/uploads\/2017\/05\/excellenceditorial_logo.gif","width":190,"height":190,"caption":"Excellence Editorial"},"image":{"@id":"https:\/\/www.excellenceditorial.com\/#\/schema\/logo\/image\/"},"sameAs":["https:\/\/www.facebook.com\/excellenceditorial\/","https:\/\/www.instagram.com\/excellenceditorial\/"]}]}},"_links":{"self":[{"href":"https:\/\/www.excellenceditorial.com\/ca\/wp-json\/wp\/v2\/product\/5413","targetHints":{"allow":["GET"]}}],"collection":[{"href":"https:\/\/www.excellenceditorial.com\/ca\/wp-json\/wp\/v2\/product"}],"about":[{"href":"https:\/\/www.excellenceditorial.com\/ca\/wp-json\/wp\/v2\/types\/product"}],"wp:featuredmedia":[{"embeddable":true,"href":"https:\/\/www.excellenceditorial.com\/ca\/wp-json\/wp\/v2\/media\/5412"}],"wp:attachment":[{"href":"https:\/\/www.excellenceditorial.com\/ca\/wp-json\/wp\/v2\/media?parent=5413"}],"wp:term":[{"taxonomy":"product_brand","embeddable":true,"href":"https:\/\/www.excellenceditorial.com\/ca\/wp-json\/wp\/v2\/product_brand?post=5413"},{"taxonomy":"product_cat","embeddable":true,"href":"https:\/\/www.excellenceditorial.com\/ca\/wp-json\/wp\/v2\/product_cat?post=5413"},{"taxonomy":"product_tag","embeddable":true,"href":"https:\/\/www.excellenceditorial.com\/ca\/wp-json\/wp\/v2\/product_tag?post=5413"}],"curies":[{"name":"wp","href":"https:\/\/api.w.org\/{rel}","templated":true}]}}