{"id":4248,"date":"2023-08-29T21:18:18","date_gmt":"2023-08-29T19:18:18","guid":{"rendered":"https:\/\/www.excellenceditorial.com\/producto\/petals-de-dia-i-petals-de-nit\/"},"modified":"2023-10-02T12:23:16","modified_gmt":"2023-10-02T10:23:16","slug":"petals-de-dia-i-petals-de-nit","status":"publish","type":"product","link":"https:\/\/www.excellenceditorial.com\/ca\/producto\/petals-de-dia-i-petals-de-nit\/","title":{"rendered":"P\u00e8tals de dia i p\u00e8tals de nit"},"content":{"rendered":"<p>Can\u00e7ons, poemes i activitats que acompanyen les accions quotidianes dels infants des que es desperten fins que se\u2019n van a dormir, descobrint els<br \/>\nelements nocturns i descansar acaronats pel nostre amor.<br \/>\nA cada p\u00e0gina trobareu un QR per escoltar la can\u00e7\u00f3; 24 can\u00e7ons, 12 de dia i 12 de nit.<\/p>\n<p>\u00b7 Les can\u00e7ons ens permeten sentir la melodia, el ritme, el llenguatge, i emocionar-nos amb la m\u00fasica.<br \/>\n\u00b7 Els poemes ens passegen per la bellesa de les paraules descobrint un m\u00f3n ple de meravelles.<br \/>\n\u00b7 Les il\u00b7lustracions ens endinsen en la m\u00e0gia dels personatges per imaginar-nos les seves hist\u00f2ries.<br \/>\n\u00b7 Les activitats ens conviden a compartir petons, abra\u00e7ades, pessigolles, rialles&#8230; teixits d\u2019estima amb els infants.<\/p>\n","protected":false},"excerpt":{"rendered":"<p>Escriptora\/Cantant: Ada Jim\u00e9nez<br \/>\nIl\u00b7lustradora: Marta Monta\u00f1\u00e1<br \/>\nEnquadernaci\u00f3: Tapa dura<br \/>\nMides: 28x27cm<br \/>\nPublicaci\u00f3: Setembre 2023<\/p>\n","protected":false},"featured_media":4270,"template":"","meta":[],"product_brand":[],"product_cat":[128,118],"product_tag":[],"class_list":{"0":"post-4248","1":"product","2":"type-product","3":"status-publish","4":"has-post-thumbnail","6":"product_cat-petals","7":"product_cat-todos-los-cuentos","8":"product_shipping_class-preu-fix","9":"pa_idioma-castella","10":"pa_idioma-catala","12":"first","13":"instock","14":"taxable","15":"shipping-taxable","16":"purchasable","17":"product-type-variable"},"yoast_head":"<!-- This site is optimized with the Yoast SEO plugin v27.4 - https:\/\/yoast.com\/product\/yoast-seo-wordpress\/ -->\n<title>P\u00e8tals de dia i p\u00e8tals de nit - Excellence Editorial<\/title>\n<meta name=\"robots\" content=\"index, follow, max-snippet:-1, max-image-preview:large, max-video-preview:-1\" \/>\n<link rel=\"canonical\" href=\"https:\/\/www.excellenceditorial.com\/ca\/producto\/petals-de-dia-i-petals-de-nit\/\" \/>\n<meta property=\"og:locale\" content=\"ca_ES\" \/>\n<meta property=\"og:type\" content=\"article\" \/>\n<meta property=\"og:title\" content=\"P\u00e8tals de dia i p\u00e8tals de nit - Excellence Editorial\" \/>\n<meta property=\"og:description\" content=\"Escriptora\/Cantant: Ada Jim\u00e9nez Il\u00b7lustradora: Marta Monta\u00f1\u00e1 Enquadernaci\u00f3: Tapa dura Mides: 28x27cm Publicaci\u00f3: Setembre 2023\" \/>\n<meta property=\"og:url\" content=\"https:\/\/www.excellenceditorial.com\/ca\/producto\/petals-de-dia-i-petals-de-nit\/\" \/>\n<meta property=\"og:site_name\" content=\"Excellence Editorial\" \/>\n<meta property=\"article:publisher\" content=\"https:\/\/www.facebook.com\/excellenceditorial\/\" \/>\n<meta property=\"article:modified_time\" content=\"2023-10-02T10:23:16+00:00\" \/>\n<meta property=\"og:image\" content=\"https:\/\/www.excellenceditorial.com\/wp-content\/uploads\/2023\/08\/petals-de-dia-nit.jpg\" \/>\n\t<meta property=\"og:image:width\" content=\"800\" \/>\n\t<meta property=\"og:image:height\" content=\"371\" \/>\n\t<meta property=\"og:image:type\" content=\"image\/jpeg\" \/>\n<meta name=\"twitter:card\" content=\"summary_large_image\" \/>\n<meta name=\"twitter:label1\" content=\"Temps estimat de lectura\" \/>\n\t<meta name=\"twitter:data1\" content=\"1 minut\" \/>\n<script type=\"application\/ld+json\" class=\"yoast-schema-graph\">{\"@context\":\"https:\\\/\\\/schema.org\",\"@graph\":[{\"@type\":\"WebPage\",\"@id\":\"https:\\\/\\\/www.excellenceditorial.com\\\/ca\\\/producto\\\/petals-de-dia-i-petals-de-nit\\\/\",\"url\":\"https:\\\/\\\/www.excellenceditorial.com\\\/ca\\\/producto\\\/petals-de-dia-i-petals-de-nit\\\/\",\"name\":\"P\u00e8tals de dia i p\u00e8tals de nit - Excellence Editorial\",\"isPartOf\":{\"@id\":\"https:\\\/\\\/www.excellenceditorial.com\\\/#website\"},\"primaryImageOfPage\":{\"@id\":\"https:\\\/\\\/www.excellenceditorial.com\\\/ca\\\/producto\\\/petals-de-dia-i-petals-de-nit\\\/#primaryimage\"},\"image\":{\"@id\":\"https:\\\/\\\/www.excellenceditorial.com\\\/ca\\\/producto\\\/petals-de-dia-i-petals-de-nit\\\/#primaryimage\"},\"thumbnailUrl\":\"https:\\\/\\\/www.excellenceditorial.com\\\/wp-content\\\/uploads\\\/2023\\\/08\\\/petals-de-dia-nit.jpg\",\"datePublished\":\"2023-08-29T19:18:18+00:00\",\"dateModified\":\"2023-10-02T10:23:16+00:00\",\"breadcrumb\":{\"@id\":\"https:\\\/\\\/www.excellenceditorial.com\\\/ca\\\/producto\\\/petals-de-dia-i-petals-de-nit\\\/#breadcrumb\"},\"inLanguage\":\"ca\",\"potentialAction\":[{\"@type\":\"ReadAction\",\"target\":[\"https:\\\/\\\/www.excellenceditorial.com\\\/ca\\\/producto\\\/petals-de-dia-i-petals-de-nit\\\/\"]}]},{\"@type\":\"ImageObject\",\"inLanguage\":\"ca\",\"@id\":\"https:\\\/\\\/www.excellenceditorial.com\\\/ca\\\/producto\\\/petals-de-dia-i-petals-de-nit\\\/#primaryimage\",\"url\":\"https:\\\/\\\/www.excellenceditorial.com\\\/wp-content\\\/uploads\\\/2023\\\/08\\\/petals-de-dia-nit.jpg\",\"contentUrl\":\"https:\\\/\\\/www.excellenceditorial.com\\\/wp-content\\\/uploads\\\/2023\\\/08\\\/petals-de-dia-nit.jpg\",\"width\":800,\"height\":371},{\"@type\":\"BreadcrumbList\",\"@id\":\"https:\\\/\\\/www.excellenceditorial.com\\\/ca\\\/producto\\\/petals-de-dia-i-petals-de-nit\\\/#breadcrumb\",\"itemListElement\":[{\"@type\":\"ListItem\",\"position\":1,\"name\":\"Portada\",\"item\":\"https:\\\/\\\/www.excellenceditorial.com\\\/ca\\\/\"},{\"@type\":\"ListItem\",\"position\":2,\"name\":\"Botiga\",\"item\":\"https:\\\/\\\/www.excellenceditorial.com\\\/tienda\\\/\"},{\"@type\":\"ListItem\",\"position\":3,\"name\":\"P\u00e8tals de dia i p\u00e8tals de nit\"}]},{\"@type\":\"WebSite\",\"@id\":\"https:\\\/\\\/www.excellenceditorial.com\\\/#website\",\"url\":\"https:\\\/\\\/www.excellenceditorial.com\\\/\",\"name\":\"Excellence Editorial\",\"description\":\"\u00c1lbumes ilustrados para peque\u00f1os y mayores\",\"publisher\":{\"@id\":\"https:\\\/\\\/www.excellenceditorial.com\\\/#organization\"},\"potentialAction\":[{\"@type\":\"SearchAction\",\"target\":{\"@type\":\"EntryPoint\",\"urlTemplate\":\"https:\\\/\\\/www.excellenceditorial.com\\\/?s={search_term_string}\"},\"query-input\":{\"@type\":\"PropertyValueSpecification\",\"valueRequired\":true,\"valueName\":\"search_term_string\"}}],\"inLanguage\":\"ca\"},{\"@type\":\"Organization\",\"@id\":\"https:\\\/\\\/www.excellenceditorial.com\\\/#organization\",\"name\":\"Excellence Editorial\",\"url\":\"https:\\\/\\\/www.excellenceditorial.com\\\/\",\"logo\":{\"@type\":\"ImageObject\",\"inLanguage\":\"ca\",\"@id\":\"https:\\\/\\\/www.excellenceditorial.com\\\/#\\\/schema\\\/logo\\\/image\\\/\",\"url\":\"https:\\\/\\\/www.excellenceditorial.com\\\/wp-content\\\/uploads\\\/2017\\\/05\\\/excellenceditorial_logo.gif\",\"contentUrl\":\"https:\\\/\\\/www.excellenceditorial.com\\\/wp-content\\\/uploads\\\/2017\\\/05\\\/excellenceditorial_logo.gif\",\"width\":190,\"height\":190,\"caption\":\"Excellence Editorial\"},\"image\":{\"@id\":\"https:\\\/\\\/www.excellenceditorial.com\\\/#\\\/schema\\\/logo\\\/image\\\/\"},\"sameAs\":[\"https:\\\/\\\/www.facebook.com\\\/excellenceditorial\\\/\",\"https:\\\/\\\/www.instagram.com\\\/excellenceditorial\\\/\"]}]}<\/script>\n<!-- \/ Yoast SEO plugin. -->","yoast_head_json":{"title":"P\u00e8tals de dia i p\u00e8tals de nit - Excellence Editorial","robots":{"index":"index","follow":"follow","max-snippet":"max-snippet:-1","max-image-preview":"max-image-preview:large","max-video-preview":"max-video-preview:-1"},"canonical":"https:\/\/www.excellenceditorial.com\/ca\/producto\/petals-de-dia-i-petals-de-nit\/","og_locale":"ca_ES","og_type":"article","og_title":"P\u00e8tals de dia i p\u00e8tals de nit - Excellence Editorial","og_description":"Escriptora\/Cantant: Ada Jim\u00e9nez Il\u00b7lustradora: Marta Monta\u00f1\u00e1 Enquadernaci\u00f3: Tapa dura Mides: 28x27cm Publicaci\u00f3: Setembre 2023","og_url":"https:\/\/www.excellenceditorial.com\/ca\/producto\/petals-de-dia-i-petals-de-nit\/","og_site_name":"Excellence Editorial","article_publisher":"https:\/\/www.facebook.com\/excellenceditorial\/","article_modified_time":"2023-10-02T10:23:16+00:00","og_image":[{"width":800,"height":371,"url":"https:\/\/www.excellenceditorial.com\/wp-content\/uploads\/2023\/08\/petals-de-dia-nit.jpg","type":"image\/jpeg"}],"twitter_card":"summary_large_image","twitter_misc":{"Temps estimat de lectura":"1 minut"},"schema":{"@context":"https:\/\/schema.org","@graph":[{"@type":"WebPage","@id":"https:\/\/www.excellenceditorial.com\/ca\/producto\/petals-de-dia-i-petals-de-nit\/","url":"https:\/\/www.excellenceditorial.com\/ca\/producto\/petals-de-dia-i-petals-de-nit\/","name":"P\u00e8tals de dia i p\u00e8tals de nit - Excellence Editorial","isPartOf":{"@id":"https:\/\/www.excellenceditorial.com\/#website"},"primaryImageOfPage":{"@id":"https:\/\/www.excellenceditorial.com\/ca\/producto\/petals-de-dia-i-petals-de-nit\/#primaryimage"},"image":{"@id":"https:\/\/www.excellenceditorial.com\/ca\/producto\/petals-de-dia-i-petals-de-nit\/#primaryimage"},"thumbnailUrl":"https:\/\/www.excellenceditorial.com\/wp-content\/uploads\/2023\/08\/petals-de-dia-nit.jpg","datePublished":"2023-08-29T19:18:18+00:00","dateModified":"2023-10-02T10:23:16+00:00","breadcrumb":{"@id":"https:\/\/www.excellenceditorial.com\/ca\/producto\/petals-de-dia-i-petals-de-nit\/#breadcrumb"},"inLanguage":"ca","potentialAction":[{"@type":"ReadAction","target":["https:\/\/www.excellenceditorial.com\/ca\/producto\/petals-de-dia-i-petals-de-nit\/"]}]},{"@type":"ImageObject","inLanguage":"ca","@id":"https:\/\/www.excellenceditorial.com\/ca\/producto\/petals-de-dia-i-petals-de-nit\/#primaryimage","url":"https:\/\/www.excellenceditorial.com\/wp-content\/uploads\/2023\/08\/petals-de-dia-nit.jpg","contentUrl":"https:\/\/www.excellenceditorial.com\/wp-content\/uploads\/2023\/08\/petals-de-dia-nit.jpg","width":800,"height":371},{"@type":"BreadcrumbList","@id":"https:\/\/www.excellenceditorial.com\/ca\/producto\/petals-de-dia-i-petals-de-nit\/#breadcrumb","itemListElement":[{"@type":"ListItem","position":1,"name":"Portada","item":"https:\/\/www.excellenceditorial.com\/ca\/"},{"@type":"ListItem","position":2,"name":"Botiga","item":"https:\/\/www.excellenceditorial.com\/tienda\/"},{"@type":"ListItem","position":3,"name":"P\u00e8tals de dia i p\u00e8tals de nit"}]},{"@type":"WebSite","@id":"https:\/\/www.excellenceditorial.com\/#website","url":"https:\/\/www.excellenceditorial.com\/","name":"Excellence Editorial","description":"\u00c1lbumes ilustrados para peque\u00f1os y mayores","publisher":{"@id":"https:\/\/www.excellenceditorial.com\/#organization"},"potentialAction":[{"@type":"SearchAction","target":{"@type":"EntryPoint","urlTemplate":"https:\/\/www.excellenceditorial.com\/?s={search_term_string}"},"query-input":{"@type":"PropertyValueSpecification","valueRequired":true,"valueName":"search_term_string"}}],"inLanguage":"ca"},{"@type":"Organization","@id":"https:\/\/www.excellenceditorial.com\/#organization","name":"Excellence Editorial","url":"https:\/\/www.excellenceditorial.com\/","logo":{"@type":"ImageObject","inLanguage":"ca","@id":"https:\/\/www.excellenceditorial.com\/#\/schema\/logo\/image\/","url":"https:\/\/www.excellenceditorial.com\/wp-content\/uploads\/2017\/05\/excellenceditorial_logo.gif","contentUrl":"https:\/\/www.excellenceditorial.com\/wp-content\/uploads\/2017\/05\/excellenceditorial_logo.gif","width":190,"height":190,"caption":"Excellence Editorial"},"image":{"@id":"https:\/\/www.excellenceditorial.com\/#\/schema\/logo\/image\/"},"sameAs":["https:\/\/www.facebook.com\/excellenceditorial\/","https:\/\/www.instagram.com\/excellenceditorial\/"]}]}},"_links":{"self":[{"href":"https:\/\/www.excellenceditorial.com\/ca\/wp-json\/wp\/v2\/product\/4248","targetHints":{"allow":["GET"]}}],"collection":[{"href":"https:\/\/www.excellenceditorial.com\/ca\/wp-json\/wp\/v2\/product"}],"about":[{"href":"https:\/\/www.excellenceditorial.com\/ca\/wp-json\/wp\/v2\/types\/product"}],"wp:featuredmedia":[{"embeddable":true,"href":"https:\/\/www.excellenceditorial.com\/ca\/wp-json\/wp\/v2\/media\/4270"}],"wp:attachment":[{"href":"https:\/\/www.excellenceditorial.com\/ca\/wp-json\/wp\/v2\/media?parent=4248"}],"wp:term":[{"taxonomy":"product_brand","embeddable":true,"href":"https:\/\/www.excellenceditorial.com\/ca\/wp-json\/wp\/v2\/product_brand?post=4248"},{"taxonomy":"product_cat","embeddable":true,"href":"https:\/\/www.excellenceditorial.com\/ca\/wp-json\/wp\/v2\/product_cat?post=4248"},{"taxonomy":"product_tag","embeddable":true,"href":"https:\/\/www.excellenceditorial.com\/ca\/wp-json\/wp\/v2\/product_tag?post=4248"}],"curies":[{"name":"wp","href":"https:\/\/api.w.org\/{rel}","templated":true}]}}