{"id":4238,"date":"2023-08-29T20:58:49","date_gmt":"2023-08-29T18:58:49","guid":{"rendered":"https:\/\/www.excellenceditorial.com\/producto\/puc-passar\/"},"modified":"2023-10-02T12:23:16","modified_gmt":"2023-10-02T10:23:16","slug":"puc-passar","status":"publish","type":"product","link":"https:\/\/www.excellenceditorial.com\/ca\/producto\/puc-passar\/","title":{"rendered":"Puc passar?"},"content":{"rendered":"<p>Saps que existeixen PARAULES M\u00c0GIQUES?<br \/>\nAquesta \u00e9s la hist\u00f2ria d\u2019una petita granota que, com cada mat\u00ed, surt a fer el que m\u00e9s li agrada: passejar.<br \/>\nQuan s\u2019adona que s\u2019ha allunyat molt de casa seva, el cel s\u2019ennuvola perqu\u00e8 prepara una tempesta. Amb l\u2019afany de resguardar-se de la pluja, inicia un viatge en el qual coneixer\u00e0 molts animals i viur\u00e0 situacions i emocions que haur\u00e0 de gestionar.<br \/>\nPer\u00f2 hi ha paraules que s\u00f3n m\u00e0giques i estan carregades de poder. Per aix\u00f2, quan sense voler ens fan mal o danyem nosaltres, \u00e9s important fer servir la<br \/>\nPARAULA M\u00c0GICA DEL PERD\u00d3 i perdonar per tal que les llums del nostre cor comencin a brillar.<br \/>\nDeixes passar la granoteta per descobrir la seva m\u00e0gia?<\/p>\n","protected":false},"excerpt":{"rendered":"<p>Escriptora: Patricia Doncel<br \/>\nIl\u00b7lustrador: Quiel Ramos<br \/>\nEnquadernaci\u00f3: Tapa dura<br \/>\nP\u00e0gines: 40<br \/>\nMides: 25x22cm<br \/>\nPublicaci\u00f3: Setembre 2023<\/p>\n","protected":false},"featured_media":4188,"template":"","meta":[],"product_brand":[],"product_cat":[118,119],"product_tag":[],"class_list":{"0":"post-4238","1":"product","2":"type-product","3":"status-publish","4":"has-post-thumbnail","6":"product_cat-todos-los-cuentos","7":"product_cat-tots-els-contes","8":"product_shipping_class-preu-fix","9":"pa_idioma-castella","10":"pa_idioma-catala","12":"first","13":"instock","14":"taxable","15":"shipping-taxable","16":"purchasable","17":"product-type-variable"},"yoast_head":"<!-- This site is optimized with the Yoast SEO plugin v27.4 - https:\/\/yoast.com\/product\/yoast-seo-wordpress\/ -->\n<title>Puc passar? - Excellence Editorial<\/title>\n<meta name=\"robots\" content=\"index, follow, max-snippet:-1, max-image-preview:large, max-video-preview:-1\" \/>\n<link rel=\"canonical\" href=\"https:\/\/www.excellenceditorial.com\/ca\/producto\/puc-passar\/\" \/>\n<meta property=\"og:locale\" content=\"ca_ES\" \/>\n<meta property=\"og:type\" content=\"article\" \/>\n<meta property=\"og:title\" content=\"Puc passar? - Excellence Editorial\" \/>\n<meta property=\"og:description\" content=\"Escriptora: Patricia Doncel Il\u00b7lustrador: Quiel Ramos Enquadernaci\u00f3: Tapa dura P\u00e0gines: 40 Mides: 25x22cm Publicaci\u00f3: Setembre 2023\" \/>\n<meta property=\"og:url\" content=\"https:\/\/www.excellenceditorial.com\/ca\/producto\/puc-passar\/\" \/>\n<meta property=\"og:site_name\" content=\"Excellence Editorial\" \/>\n<meta property=\"article:publisher\" content=\"https:\/\/www.facebook.com\/excellenceditorial\/\" \/>\n<meta property=\"article:modified_time\" content=\"2023-10-02T10:23:16+00:00\" \/>\n<meta property=\"og:image\" content=\"https:\/\/www.excellenceditorial.com\/wp-content\/uploads\/2023\/08\/CUBIERTA-PUEDO-PASAR-CATALAN.webp\" \/>\n\t<meta property=\"og:image:width\" content=\"986\" \/>\n\t<meta property=\"og:image:height\" content=\"828\" \/>\n\t<meta property=\"og:image:type\" content=\"image\/webp\" \/>\n<meta name=\"twitter:card\" content=\"summary_large_image\" \/>\n<meta name=\"twitter:label1\" content=\"Temps estimat de lectura\" \/>\n\t<meta name=\"twitter:data1\" content=\"1 minut\" \/>\n<script type=\"application\/ld+json\" class=\"yoast-schema-graph\">{\"@context\":\"https:\\\/\\\/schema.org\",\"@graph\":[{\"@type\":\"WebPage\",\"@id\":\"https:\\\/\\\/www.excellenceditorial.com\\\/ca\\\/producto\\\/puc-passar\\\/\",\"url\":\"https:\\\/\\\/www.excellenceditorial.com\\\/ca\\\/producto\\\/puc-passar\\\/\",\"name\":\"Puc passar? - Excellence Editorial\",\"isPartOf\":{\"@id\":\"https:\\\/\\\/www.excellenceditorial.com\\\/#website\"},\"primaryImageOfPage\":{\"@id\":\"https:\\\/\\\/www.excellenceditorial.com\\\/ca\\\/producto\\\/puc-passar\\\/#primaryimage\"},\"image\":{\"@id\":\"https:\\\/\\\/www.excellenceditorial.com\\\/ca\\\/producto\\\/puc-passar\\\/#primaryimage\"},\"thumbnailUrl\":\"https:\\\/\\\/www.excellenceditorial.com\\\/wp-content\\\/uploads\\\/2023\\\/08\\\/CUBIERTA-PUEDO-PASAR-CATALAN.webp\",\"datePublished\":\"2023-08-29T18:58:49+00:00\",\"dateModified\":\"2023-10-02T10:23:16+00:00\",\"breadcrumb\":{\"@id\":\"https:\\\/\\\/www.excellenceditorial.com\\\/ca\\\/producto\\\/puc-passar\\\/#breadcrumb\"},\"inLanguage\":\"ca\",\"potentialAction\":[{\"@type\":\"ReadAction\",\"target\":[\"https:\\\/\\\/www.excellenceditorial.com\\\/ca\\\/producto\\\/puc-passar\\\/\"]}]},{\"@type\":\"ImageObject\",\"inLanguage\":\"ca\",\"@id\":\"https:\\\/\\\/www.excellenceditorial.com\\\/ca\\\/producto\\\/puc-passar\\\/#primaryimage\",\"url\":\"https:\\\/\\\/www.excellenceditorial.com\\\/wp-content\\\/uploads\\\/2023\\\/08\\\/CUBIERTA-PUEDO-PASAR-CATALAN.webp\",\"contentUrl\":\"https:\\\/\\\/www.excellenceditorial.com\\\/wp-content\\\/uploads\\\/2023\\\/08\\\/CUBIERTA-PUEDO-PASAR-CATALAN.webp\",\"width\":986,\"height\":828,\"caption\":\"Portada Puc Passar?\"},{\"@type\":\"BreadcrumbList\",\"@id\":\"https:\\\/\\\/www.excellenceditorial.com\\\/ca\\\/producto\\\/puc-passar\\\/#breadcrumb\",\"itemListElement\":[{\"@type\":\"ListItem\",\"position\":1,\"name\":\"Portada\",\"item\":\"https:\\\/\\\/www.excellenceditorial.com\\\/ca\\\/\"},{\"@type\":\"ListItem\",\"position\":2,\"name\":\"Botiga\",\"item\":\"https:\\\/\\\/www.excellenceditorial.com\\\/tienda\\\/\"},{\"@type\":\"ListItem\",\"position\":3,\"name\":\"Puc passar?\"}]},{\"@type\":\"WebSite\",\"@id\":\"https:\\\/\\\/www.excellenceditorial.com\\\/#website\",\"url\":\"https:\\\/\\\/www.excellenceditorial.com\\\/\",\"name\":\"Excellence Editorial\",\"description\":\"\u00c1lbumes ilustrados para peque\u00f1os y mayores\",\"publisher\":{\"@id\":\"https:\\\/\\\/www.excellenceditorial.com\\\/#organization\"},\"potentialAction\":[{\"@type\":\"SearchAction\",\"target\":{\"@type\":\"EntryPoint\",\"urlTemplate\":\"https:\\\/\\\/www.excellenceditorial.com\\\/?s={search_term_string}\"},\"query-input\":{\"@type\":\"PropertyValueSpecification\",\"valueRequired\":true,\"valueName\":\"search_term_string\"}}],\"inLanguage\":\"ca\"},{\"@type\":\"Organization\",\"@id\":\"https:\\\/\\\/www.excellenceditorial.com\\\/#organization\",\"name\":\"Excellence Editorial\",\"url\":\"https:\\\/\\\/www.excellenceditorial.com\\\/\",\"logo\":{\"@type\":\"ImageObject\",\"inLanguage\":\"ca\",\"@id\":\"https:\\\/\\\/www.excellenceditorial.com\\\/#\\\/schema\\\/logo\\\/image\\\/\",\"url\":\"https:\\\/\\\/www.excellenceditorial.com\\\/wp-content\\\/uploads\\\/2017\\\/05\\\/excellenceditorial_logo.gif\",\"contentUrl\":\"https:\\\/\\\/www.excellenceditorial.com\\\/wp-content\\\/uploads\\\/2017\\\/05\\\/excellenceditorial_logo.gif\",\"width\":190,\"height\":190,\"caption\":\"Excellence Editorial\"},\"image\":{\"@id\":\"https:\\\/\\\/www.excellenceditorial.com\\\/#\\\/schema\\\/logo\\\/image\\\/\"},\"sameAs\":[\"https:\\\/\\\/www.facebook.com\\\/excellenceditorial\\\/\",\"https:\\\/\\\/www.instagram.com\\\/excellenceditorial\\\/\"]}]}<\/script>\n<!-- \/ Yoast SEO plugin. -->","yoast_head_json":{"title":"Puc passar? - Excellence Editorial","robots":{"index":"index","follow":"follow","max-snippet":"max-snippet:-1","max-image-preview":"max-image-preview:large","max-video-preview":"max-video-preview:-1"},"canonical":"https:\/\/www.excellenceditorial.com\/ca\/producto\/puc-passar\/","og_locale":"ca_ES","og_type":"article","og_title":"Puc passar? - Excellence Editorial","og_description":"Escriptora: Patricia Doncel Il\u00b7lustrador: Quiel Ramos Enquadernaci\u00f3: Tapa dura P\u00e0gines: 40 Mides: 25x22cm Publicaci\u00f3: Setembre 2023","og_url":"https:\/\/www.excellenceditorial.com\/ca\/producto\/puc-passar\/","og_site_name":"Excellence Editorial","article_publisher":"https:\/\/www.facebook.com\/excellenceditorial\/","article_modified_time":"2023-10-02T10:23:16+00:00","og_image":[{"width":986,"height":828,"url":"https:\/\/www.excellenceditorial.com\/wp-content\/uploads\/2023\/08\/CUBIERTA-PUEDO-PASAR-CATALAN.webp","type":"image\/webp"}],"twitter_card":"summary_large_image","twitter_misc":{"Temps estimat de lectura":"1 minut"},"schema":{"@context":"https:\/\/schema.org","@graph":[{"@type":"WebPage","@id":"https:\/\/www.excellenceditorial.com\/ca\/producto\/puc-passar\/","url":"https:\/\/www.excellenceditorial.com\/ca\/producto\/puc-passar\/","name":"Puc passar? - Excellence Editorial","isPartOf":{"@id":"https:\/\/www.excellenceditorial.com\/#website"},"primaryImageOfPage":{"@id":"https:\/\/www.excellenceditorial.com\/ca\/producto\/puc-passar\/#primaryimage"},"image":{"@id":"https:\/\/www.excellenceditorial.com\/ca\/producto\/puc-passar\/#primaryimage"},"thumbnailUrl":"https:\/\/www.excellenceditorial.com\/wp-content\/uploads\/2023\/08\/CUBIERTA-PUEDO-PASAR-CATALAN.webp","datePublished":"2023-08-29T18:58:49+00:00","dateModified":"2023-10-02T10:23:16+00:00","breadcrumb":{"@id":"https:\/\/www.excellenceditorial.com\/ca\/producto\/puc-passar\/#breadcrumb"},"inLanguage":"ca","potentialAction":[{"@type":"ReadAction","target":["https:\/\/www.excellenceditorial.com\/ca\/producto\/puc-passar\/"]}]},{"@type":"ImageObject","inLanguage":"ca","@id":"https:\/\/www.excellenceditorial.com\/ca\/producto\/puc-passar\/#primaryimage","url":"https:\/\/www.excellenceditorial.com\/wp-content\/uploads\/2023\/08\/CUBIERTA-PUEDO-PASAR-CATALAN.webp","contentUrl":"https:\/\/www.excellenceditorial.com\/wp-content\/uploads\/2023\/08\/CUBIERTA-PUEDO-PASAR-CATALAN.webp","width":986,"height":828,"caption":"Portada Puc Passar?"},{"@type":"BreadcrumbList","@id":"https:\/\/www.excellenceditorial.com\/ca\/producto\/puc-passar\/#breadcrumb","itemListElement":[{"@type":"ListItem","position":1,"name":"Portada","item":"https:\/\/www.excellenceditorial.com\/ca\/"},{"@type":"ListItem","position":2,"name":"Botiga","item":"https:\/\/www.excellenceditorial.com\/tienda\/"},{"@type":"ListItem","position":3,"name":"Puc passar?"}]},{"@type":"WebSite","@id":"https:\/\/www.excellenceditorial.com\/#website","url":"https:\/\/www.excellenceditorial.com\/","name":"Excellence Editorial","description":"\u00c1lbumes ilustrados para peque\u00f1os y mayores","publisher":{"@id":"https:\/\/www.excellenceditorial.com\/#organization"},"potentialAction":[{"@type":"SearchAction","target":{"@type":"EntryPoint","urlTemplate":"https:\/\/www.excellenceditorial.com\/?s={search_term_string}"},"query-input":{"@type":"PropertyValueSpecification","valueRequired":true,"valueName":"search_term_string"}}],"inLanguage":"ca"},{"@type":"Organization","@id":"https:\/\/www.excellenceditorial.com\/#organization","name":"Excellence Editorial","url":"https:\/\/www.excellenceditorial.com\/","logo":{"@type":"ImageObject","inLanguage":"ca","@id":"https:\/\/www.excellenceditorial.com\/#\/schema\/logo\/image\/","url":"https:\/\/www.excellenceditorial.com\/wp-content\/uploads\/2017\/05\/excellenceditorial_logo.gif","contentUrl":"https:\/\/www.excellenceditorial.com\/wp-content\/uploads\/2017\/05\/excellenceditorial_logo.gif","width":190,"height":190,"caption":"Excellence Editorial"},"image":{"@id":"https:\/\/www.excellenceditorial.com\/#\/schema\/logo\/image\/"},"sameAs":["https:\/\/www.facebook.com\/excellenceditorial\/","https:\/\/www.instagram.com\/excellenceditorial\/"]}]}},"_links":{"self":[{"href":"https:\/\/www.excellenceditorial.com\/ca\/wp-json\/wp\/v2\/product\/4238","targetHints":{"allow":["GET"]}}],"collection":[{"href":"https:\/\/www.excellenceditorial.com\/ca\/wp-json\/wp\/v2\/product"}],"about":[{"href":"https:\/\/www.excellenceditorial.com\/ca\/wp-json\/wp\/v2\/types\/product"}],"wp:featuredmedia":[{"embeddable":true,"href":"https:\/\/www.excellenceditorial.com\/ca\/wp-json\/wp\/v2\/media\/4188"}],"wp:attachment":[{"href":"https:\/\/www.excellenceditorial.com\/ca\/wp-json\/wp\/v2\/media?parent=4238"}],"wp:term":[{"taxonomy":"product_brand","embeddable":true,"href":"https:\/\/www.excellenceditorial.com\/ca\/wp-json\/wp\/v2\/product_brand?post=4238"},{"taxonomy":"product_cat","embeddable":true,"href":"https:\/\/www.excellenceditorial.com\/ca\/wp-json\/wp\/v2\/product_cat?post=4238"},{"taxonomy":"product_tag","embeddable":true,"href":"https:\/\/www.excellenceditorial.com\/ca\/wp-json\/wp\/v2\/product_tag?post=4238"}],"curies":[{"name":"wp","href":"https:\/\/api.w.org\/{rel}","templated":true}]}}