{"id":221,"date":"2017-05-19T11:13:41","date_gmt":"2017-05-19T09:13:41","guid":{"rendered":"https:\/\/www.excellenceditorial.com\/producto\/mi-historia\/"},"modified":"2023-10-02T12:23:40","modified_gmt":"2023-10-02T10:23:40","slug":"mi-historia","status":"publish","type":"product","link":"https:\/\/www.excellenceditorial.com\/ca\/producto\/mi-historia\/","title":{"rendered":"Mi historia"},"content":{"rendered":"<p>A vegades, som nosaltres mateixos els que ens posem l\u00edmits i els de la nostra protagonista en cadira de rodes, arriben fins les finestres de casa seva. Per\u00f2 un dia, despr\u00e9s d\u2019una tempesta pot sortir el sol, apar\u00e8ixer un cargol que necessita ajuda i escriure la seva historia.<\/p>\n","protected":false},"excerpt":{"rendered":"<p><strong>Autors:<\/strong> Susana L\u00f3pez, M\u00f3nica Delpueyo<\/p>\n","protected":false},"featured_media":198,"template":"","meta":[],"product_brand":[],"product_cat":[118],"product_tag":[],"class_list":{"0":"post-221","1":"product","2":"type-product","3":"status-publish","4":"has-post-thumbnail","6":"product_cat-todos-los-cuentos","7":"product_shipping_class-preu-fix","8":"pa_idioma-braille-ca","9":"pa_idioma-castella","11":"first","12":"instock","13":"taxable","14":"shipping-taxable","15":"purchasable","16":"product-type-variable"},"yoast_head":"<!-- This site is optimized with the Yoast SEO plugin v27.4 - https:\/\/yoast.com\/product\/yoast-seo-wordpress\/ -->\n<title>Mi historia - Excellence Editorial<\/title>\n<meta name=\"robots\" content=\"index, follow, max-snippet:-1, max-image-preview:large, max-video-preview:-1\" \/>\n<link rel=\"canonical\" href=\"https:\/\/www.excellenceditorial.com\/ca\/producto\/mi-historia\/\" \/>\n<meta property=\"og:locale\" content=\"ca_ES\" \/>\n<meta property=\"og:type\" content=\"article\" \/>\n<meta property=\"og:title\" content=\"Mi historia - Excellence Editorial\" \/>\n<meta property=\"og:description\" content=\"Autors: Susana L\u00f3pez, M\u00f3nica Delpueyo\" \/>\n<meta property=\"og:url\" content=\"https:\/\/www.excellenceditorial.com\/ca\/producto\/mi-historia\/\" \/>\n<meta property=\"og:site_name\" content=\"Excellence Editorial\" \/>\n<meta property=\"article:publisher\" content=\"https:\/\/www.facebook.com\/excellenceditorial\/\" \/>\n<meta property=\"article:modified_time\" content=\"2023-10-02T10:23:40+00:00\" \/>\n<meta property=\"og:image\" content=\"https:\/\/www.excellenceditorial.com\/wp-content\/uploads\/2017\/05\/portada_mi-historia.jpg\" \/>\n\t<meta property=\"og:image:width\" content=\"720\" \/>\n\t<meta property=\"og:image:height\" content=\"720\" \/>\n\t<meta property=\"og:image:type\" content=\"image\/jpeg\" \/>\n<meta name=\"twitter:card\" content=\"summary_large_image\" \/>\n<script type=\"application\/ld+json\" class=\"yoast-schema-graph\">{\"@context\":\"https:\\\/\\\/schema.org\",\"@graph\":[{\"@type\":\"WebPage\",\"@id\":\"https:\\\/\\\/www.excellenceditorial.com\\\/ca\\\/producto\\\/mi-historia\\\/\",\"url\":\"https:\\\/\\\/www.excellenceditorial.com\\\/ca\\\/producto\\\/mi-historia\\\/\",\"name\":\"Mi historia - Excellence Editorial\",\"isPartOf\":{\"@id\":\"https:\\\/\\\/www.excellenceditorial.com\\\/#website\"},\"primaryImageOfPage\":{\"@id\":\"https:\\\/\\\/www.excellenceditorial.com\\\/ca\\\/producto\\\/mi-historia\\\/#primaryimage\"},\"image\":{\"@id\":\"https:\\\/\\\/www.excellenceditorial.com\\\/ca\\\/producto\\\/mi-historia\\\/#primaryimage\"},\"thumbnailUrl\":\"https:\\\/\\\/www.excellenceditorial.com\\\/wp-content\\\/uploads\\\/2017\\\/05\\\/portada_mi-historia.jpg\",\"datePublished\":\"2017-05-19T09:13:41+00:00\",\"dateModified\":\"2023-10-02T10:23:40+00:00\",\"breadcrumb\":{\"@id\":\"https:\\\/\\\/www.excellenceditorial.com\\\/ca\\\/producto\\\/mi-historia\\\/#breadcrumb\"},\"inLanguage\":\"ca\",\"potentialAction\":[{\"@type\":\"ReadAction\",\"target\":[\"https:\\\/\\\/www.excellenceditorial.com\\\/ca\\\/producto\\\/mi-historia\\\/\"]}]},{\"@type\":\"ImageObject\",\"inLanguage\":\"ca\",\"@id\":\"https:\\\/\\\/www.excellenceditorial.com\\\/ca\\\/producto\\\/mi-historia\\\/#primaryimage\",\"url\":\"https:\\\/\\\/www.excellenceditorial.com\\\/wp-content\\\/uploads\\\/2017\\\/05\\\/portada_mi-historia.jpg\",\"contentUrl\":\"https:\\\/\\\/www.excellenceditorial.com\\\/wp-content\\\/uploads\\\/2017\\\/05\\\/portada_mi-historia.jpg\",\"width\":720,\"height\":720,\"caption\":\"Mi historia\"},{\"@type\":\"BreadcrumbList\",\"@id\":\"https:\\\/\\\/www.excellenceditorial.com\\\/ca\\\/producto\\\/mi-historia\\\/#breadcrumb\",\"itemListElement\":[{\"@type\":\"ListItem\",\"position\":1,\"name\":\"Portada\",\"item\":\"https:\\\/\\\/www.excellenceditorial.com\\\/ca\\\/\"},{\"@type\":\"ListItem\",\"position\":2,\"name\":\"Botiga\",\"item\":\"https:\\\/\\\/www.excellenceditorial.com\\\/tienda\\\/\"},{\"@type\":\"ListItem\",\"position\":3,\"name\":\"Mi historia\"}]},{\"@type\":\"WebSite\",\"@id\":\"https:\\\/\\\/www.excellenceditorial.com\\\/#website\",\"url\":\"https:\\\/\\\/www.excellenceditorial.com\\\/\",\"name\":\"Excellence Editorial\",\"description\":\"\u00c1lbumes ilustrados para peque\u00f1os y mayores\",\"publisher\":{\"@id\":\"https:\\\/\\\/www.excellenceditorial.com\\\/#organization\"},\"potentialAction\":[{\"@type\":\"SearchAction\",\"target\":{\"@type\":\"EntryPoint\",\"urlTemplate\":\"https:\\\/\\\/www.excellenceditorial.com\\\/?s={search_term_string}\"},\"query-input\":{\"@type\":\"PropertyValueSpecification\",\"valueRequired\":true,\"valueName\":\"search_term_string\"}}],\"inLanguage\":\"ca\"},{\"@type\":\"Organization\",\"@id\":\"https:\\\/\\\/www.excellenceditorial.com\\\/#organization\",\"name\":\"Excellence Editorial\",\"url\":\"https:\\\/\\\/www.excellenceditorial.com\\\/\",\"logo\":{\"@type\":\"ImageObject\",\"inLanguage\":\"ca\",\"@id\":\"https:\\\/\\\/www.excellenceditorial.com\\\/#\\\/schema\\\/logo\\\/image\\\/\",\"url\":\"https:\\\/\\\/www.excellenceditorial.com\\\/wp-content\\\/uploads\\\/2017\\\/05\\\/excellenceditorial_logo.gif\",\"contentUrl\":\"https:\\\/\\\/www.excellenceditorial.com\\\/wp-content\\\/uploads\\\/2017\\\/05\\\/excellenceditorial_logo.gif\",\"width\":190,\"height\":190,\"caption\":\"Excellence Editorial\"},\"image\":{\"@id\":\"https:\\\/\\\/www.excellenceditorial.com\\\/#\\\/schema\\\/logo\\\/image\\\/\"},\"sameAs\":[\"https:\\\/\\\/www.facebook.com\\\/excellenceditorial\\\/\",\"https:\\\/\\\/www.instagram.com\\\/excellenceditorial\\\/\"]}]}<\/script>\n<!-- \/ Yoast SEO plugin. -->","yoast_head_json":{"title":"Mi historia - Excellence Editorial","robots":{"index":"index","follow":"follow","max-snippet":"max-snippet:-1","max-image-preview":"max-image-preview:large","max-video-preview":"max-video-preview:-1"},"canonical":"https:\/\/www.excellenceditorial.com\/ca\/producto\/mi-historia\/","og_locale":"ca_ES","og_type":"article","og_title":"Mi historia - Excellence Editorial","og_description":"Autors: Susana L\u00f3pez, M\u00f3nica Delpueyo","og_url":"https:\/\/www.excellenceditorial.com\/ca\/producto\/mi-historia\/","og_site_name":"Excellence Editorial","article_publisher":"https:\/\/www.facebook.com\/excellenceditorial\/","article_modified_time":"2023-10-02T10:23:40+00:00","og_image":[{"width":720,"height":720,"url":"https:\/\/www.excellenceditorial.com\/wp-content\/uploads\/2017\/05\/portada_mi-historia.jpg","type":"image\/jpeg"}],"twitter_card":"summary_large_image","schema":{"@context":"https:\/\/schema.org","@graph":[{"@type":"WebPage","@id":"https:\/\/www.excellenceditorial.com\/ca\/producto\/mi-historia\/","url":"https:\/\/www.excellenceditorial.com\/ca\/producto\/mi-historia\/","name":"Mi historia - Excellence Editorial","isPartOf":{"@id":"https:\/\/www.excellenceditorial.com\/#website"},"primaryImageOfPage":{"@id":"https:\/\/www.excellenceditorial.com\/ca\/producto\/mi-historia\/#primaryimage"},"image":{"@id":"https:\/\/www.excellenceditorial.com\/ca\/producto\/mi-historia\/#primaryimage"},"thumbnailUrl":"https:\/\/www.excellenceditorial.com\/wp-content\/uploads\/2017\/05\/portada_mi-historia.jpg","datePublished":"2017-05-19T09:13:41+00:00","dateModified":"2023-10-02T10:23:40+00:00","breadcrumb":{"@id":"https:\/\/www.excellenceditorial.com\/ca\/producto\/mi-historia\/#breadcrumb"},"inLanguage":"ca","potentialAction":[{"@type":"ReadAction","target":["https:\/\/www.excellenceditorial.com\/ca\/producto\/mi-historia\/"]}]},{"@type":"ImageObject","inLanguage":"ca","@id":"https:\/\/www.excellenceditorial.com\/ca\/producto\/mi-historia\/#primaryimage","url":"https:\/\/www.excellenceditorial.com\/wp-content\/uploads\/2017\/05\/portada_mi-historia.jpg","contentUrl":"https:\/\/www.excellenceditorial.com\/wp-content\/uploads\/2017\/05\/portada_mi-historia.jpg","width":720,"height":720,"caption":"Mi historia"},{"@type":"BreadcrumbList","@id":"https:\/\/www.excellenceditorial.com\/ca\/producto\/mi-historia\/#breadcrumb","itemListElement":[{"@type":"ListItem","position":1,"name":"Portada","item":"https:\/\/www.excellenceditorial.com\/ca\/"},{"@type":"ListItem","position":2,"name":"Botiga","item":"https:\/\/www.excellenceditorial.com\/tienda\/"},{"@type":"ListItem","position":3,"name":"Mi historia"}]},{"@type":"WebSite","@id":"https:\/\/www.excellenceditorial.com\/#website","url":"https:\/\/www.excellenceditorial.com\/","name":"Excellence Editorial","description":"\u00c1lbumes ilustrados para peque\u00f1os y mayores","publisher":{"@id":"https:\/\/www.excellenceditorial.com\/#organization"},"potentialAction":[{"@type":"SearchAction","target":{"@type":"EntryPoint","urlTemplate":"https:\/\/www.excellenceditorial.com\/?s={search_term_string}"},"query-input":{"@type":"PropertyValueSpecification","valueRequired":true,"valueName":"search_term_string"}}],"inLanguage":"ca"},{"@type":"Organization","@id":"https:\/\/www.excellenceditorial.com\/#organization","name":"Excellence Editorial","url":"https:\/\/www.excellenceditorial.com\/","logo":{"@type":"ImageObject","inLanguage":"ca","@id":"https:\/\/www.excellenceditorial.com\/#\/schema\/logo\/image\/","url":"https:\/\/www.excellenceditorial.com\/wp-content\/uploads\/2017\/05\/excellenceditorial_logo.gif","contentUrl":"https:\/\/www.excellenceditorial.com\/wp-content\/uploads\/2017\/05\/excellenceditorial_logo.gif","width":190,"height":190,"caption":"Excellence Editorial"},"image":{"@id":"https:\/\/www.excellenceditorial.com\/#\/schema\/logo\/image\/"},"sameAs":["https:\/\/www.facebook.com\/excellenceditorial\/","https:\/\/www.instagram.com\/excellenceditorial\/"]}]}},"_links":{"self":[{"href":"https:\/\/www.excellenceditorial.com\/ca\/wp-json\/wp\/v2\/product\/221","targetHints":{"allow":["GET"]}}],"collection":[{"href":"https:\/\/www.excellenceditorial.com\/ca\/wp-json\/wp\/v2\/product"}],"about":[{"href":"https:\/\/www.excellenceditorial.com\/ca\/wp-json\/wp\/v2\/types\/product"}],"wp:featuredmedia":[{"embeddable":true,"href":"https:\/\/www.excellenceditorial.com\/ca\/wp-json\/wp\/v2\/media\/198"}],"wp:attachment":[{"href":"https:\/\/www.excellenceditorial.com\/ca\/wp-json\/wp\/v2\/media?parent=221"}],"wp:term":[{"taxonomy":"product_brand","embeddable":true,"href":"https:\/\/www.excellenceditorial.com\/ca\/wp-json\/wp\/v2\/product_brand?post=221"},{"taxonomy":"product_cat","embeddable":true,"href":"https:\/\/www.excellenceditorial.com\/ca\/wp-json\/wp\/v2\/product_cat?post=221"},{"taxonomy":"product_tag","embeddable":true,"href":"https:\/\/www.excellenceditorial.com\/ca\/wp-json\/wp\/v2\/product_tag?post=221"}],"curies":[{"name":"wp","href":"https:\/\/api.w.org\/{rel}","templated":true}]}}