{"id":679,"date":"2017-06-02T11:34:32","date_gmt":"2017-06-02T09:34:32","guid":{"rendered":"https:\/\/www.excellenceditorial.com\/enviaments\/"},"modified":"2023-11-02T08:55:21","modified_gmt":"2023-11-02T07:55:21","slug":"enviaments","status":"publish","type":"page","link":"https:\/\/www.excellenceditorial.com\/ca\/enviaments\/","title":{"rendered":"Despeses i m\u00e8todes d&#8217;enviaments"},"content":{"rendered":"<section class=\"l-section wpb_row us_custom_19737bc8 height_medium color_alternate\"><div class=\"l-section-h i-cf\"><div class=\"g-cols vc_row via_grid cols_2-1 laptops-cols_inherit tablets-cols_inherit mobiles-cols_1 valign_middle type_default stacking_default\"><div class=\"wpb_column vc_column_container\"><div class=\"vc_column-inner\"><h1 class=\"w-post-elm post_title entry-title color_link_inherit\">Despeses i m\u00e8todes d&#8217;enviaments<\/h1><div class=\"wpb_text_column\"><div class=\"wpb_wrapper\"><p><strong>Despeses d&#8217;enviament<\/strong> : El preu de les despeses d&#8217;enviament s\u00f3n 5,45\u20ac \/ 24h o 3,03 \/ 72h en la <strong>Pen\u00ednsula ib\u00e8rica<\/strong> i <strong>les Balears<\/strong>.<\/p>\n<p>En cas d&#8217;existir una comanda de les <strong>Illes Can\u00e0ries<\/strong>, l&#8217;Editorial Excellence es posar\u00e0 en contacte amb el titular de la comanda per procedir a informar-lo dels canvis que comporten els enviaments.<\/p>\n<\/div><\/div><\/div><\/div><div class=\"wpb_column vc_column_container\"><div class=\"vc_column-inner\"><div class=\"w-image top-img align_none\"><div class=\"w-image-h\"><img decoding=\"async\" width=\"304\" height=\"273\" src=\"https:\/\/www.excellenceditorial.com\/wp-content\/uploads\/2023\/10\/Dragon-caja.webp\" class=\"attachment-us_0_273 size-us_0_273\" alt=\"Dibujo de un drag\u00f3n verde dentro de una caja de cart\u00f3n\" loading=\"lazy\" srcset=\"https:\/\/www.excellenceditorial.com\/wp-content\/uploads\/2023\/10\/Dragon-caja.webp 801w, https:\/\/www.excellenceditorial.com\/wp-content\/uploads\/2023\/10\/Dragon-caja-300x270.webp 300w, https:\/\/www.excellenceditorial.com\/wp-content\/uploads\/2023\/10\/Dragon-caja-150x135.webp 150w, https:\/\/www.excellenceditorial.com\/wp-content\/uploads\/2023\/10\/Dragon-caja-510x458.webp 510w\" sizes=\"auto, (max-width: 304px) 100vw, 304px\" \/><\/div><\/div><\/div><\/div><\/div><\/div><\/section><section class=\"l-section wpb_row us_custom_519204a4 height_medium with_shape\"><div class=\"l-section-shape type_custom pos_top\" style=\"height:15vmin;\"><?xml version=\"1.0\" encoding=\"utf-8\"?>\n<!-- Generator: Adobe Illustrator 27.7.0, SVG Export Plug-In . SVG Version: 6.00 Build 0)  -->\n<svg version=\"1.1\" id=\"Capa_1\" xmlns=\"http:\/\/www.w3.org\/2000\/svg\" xmlns:xlink=\"http:\/\/www.w3.org\/1999\/xlink\" x=\"0px\" y=\"0px\"\n\t viewBox=\"0 0 2200 112.2\" style=\"enable-background:new 0 0 2200 112.2;\" xml:space=\"preserve\">\n<style type=\"text\/css\">\n\t.st0{fill:#F5F5F5;}\n<\/style>\n<path class=\"st0\" d=\"M2188,0h-379.6h-7.5H-1.4V59c7.7,1.7,19.9-1.3,30.1,0.9c-1.7,1.6,2.8,1.9,5.1,2.7c-9.1,2-22.5,2.9-35.3,3.8\n\tv13.4c12.9,1.6,20,4.4,40.4,4.5c1.8-1,4.9-1.5,10.3-1c6.6-1.5,9.2-3.8,20.5-4.3c1.5,0.6,4.8,0.8,3.4,2c4.8,0.3,4.4-0.5,8.6-0.3\n\tc6.6,2,30.8,3.2,20.5,6.3l2.6,0.2l-2.6,0.2c3.6,0.8,2.4,0.7,1.7,2c6.8,0.1,12.6,0,15.4-0.7l0.9-0.5c2,1.1,8.7,1.2,13.7,0.9l-0.9,0.6\n\tc11.1-0.2-2.5,0.5,3.4,1c1.1-0.7,9.9,0.8,12,0l-0.9-0.5l2.6-0.2c0-0.3-1.4-0.4-1.7-0.7c4.6-0.3,8.3-0.8,8.6-2\n\tc-3.5-1.1-11.5-1.3-12-3c-0.4,0.3,0,0.7-1.7,0.7c-13.8-1.1-24.3-2.8-37.6-4c-0.9-4.2,20.8-4.6,34.2-5.7c0.4-0.6-1.9-0.7-1.7-1.3\n\tc2.5,0.2,4.3,0.5,6.8,0.7c-0.7-0.8,3.1-0.7,1.7-1.7l-2-0.5l2-0.5c-0.4-0.4-1.9-0.5-3.4-0.7c-1.6,1.9-20.2,1.6-18.8,3\n\tc-16.7,0.6-20,3.9-42.7,3.3c0-0.7-4.7-0.4-3.4-1.3c11.9-1,18.3-3.1,30.8-4c6.6-3.4,27.1-4,39.3-6.3c0.3,0.4,2.7,0.4,5.1,0.3\n\tc2.7-1.8,7.1-3.5,17.1-4.7c14,0.2,26.2,0.7,29.1,3c-2,0.8-2.8,1.9-6.8,2.3c12.5-1,4.9,1.9,12,2c4.1,0.1-0.9-1.5,5.1-1\n\tc3,0.1,3.9,0.6,3.4,1.3c10.3,0.1,23.8-0.6,35.9,0c6.1-1.1,8.5-1.3,17.1-0.7c4.5-1.5-0.3-3.6,10.3-4.3c2.1-1.8-4.9-1.9-5.1-3.3\n\tc6.4-2.3-6.2-4.2-5.1-5.3c19.3,1.6,16.8,6.5,17.1,10c0.1,1,6.1,1.6,0,2.3c5.4,0,3.3,1.4,6.8,1.7c1.7,0,3.4,0,5.1,0l-0.9-0.5\n\tc2.4,0.3,3.8,0.4,5.1,0.5l-0.9,0.3c2.6,0.7,7.3,1,10.3,1.7c-7.5,1.8,0.1,3.7,6.8,4.7c-5,0.3-1.9,0.5-1.7,1.3c5,0.7,5.5,0.1,8.6,1\n\tc1,0.7-2.1,2.2,1.7,2.3c0.2-1.6,2.5,0.4,6.8,0c0.1-0.5-0.8-0.7-1.7-1c5.2,0,8.7-0.3,10.3-1l-2.6-0.4l5.1-0.1l-0.9,0.5\n\tc1.9,0.1,2.7,0.4,3.4,0.7c-2.9,0-4.4,0.3-5.1,0.7c8.4-0.2,8.4,1.2,10.3,2.3c10.5,0.3,8.7-1.3,10.3-2c2.7,0.1,1.5,1.1,6.9,0.7\n\tc1.4-0.7,6.4-0.7,6.8-1.7c-10.7-1-3.8-4.5-3.4-7.3c18,0.6,15,5.3,30.8,6.3c8.2-2,20.8-0.9,27.4,0.7c1.2,2.7-12.9,5.2,0,6.3\n\tc5.2-0.7,11.4-1.1,20.5-1c3.3,1.5,11.5,2,22.2,2c0.9-4.2-6.1-6.4-8.5-10c4.7-1.3,15,0.3,18.8-1.3l-0.9-0.5c2.3,0.1,4.6,0.2,6.8,0\n\tl-0.9,0.5c13.9,0.2,13.6,0.1,23.9,0.3c-0.9,2,2.5,1.4,10.3,1.3c1,1.1-3.2,1,0,1.7c7.3,0.7,14.5,0.8,20.5,1c1.2,1.3,4.3,2.3,3.4,4\n\tc9.8-0.7,1.7,2.1,6.8,2.3c0-0.3,0-0.7,0-1c12.6,0.4,20.2-2.4,35.9-1.3c4,2.2,17.5,2.6,17.1,5.7c7.6,0,12.3-0.5,15.4-1.3\n\tc-7.9-0.5-1.9-3.6-12-3.7c0.9-1.5,8.3-1.7,13.7-2.3c13.2,3.1,49.1,1.8,49.6,7.3c5.2-0.8,15.7,0.1,12-1.3c1,0.5,6.6,0,6.8,0.7\n\tc-3.4,0.6,2.3,2.2,1.7,3.3c-6.4-0.6-3.9,0.6-5.1,2c9.3-0.2,8.3,1.2,12,1.7c6.6,0.9,10.1-0.4,17.1,0.3c-0.1-0.6,0.4-1,1.7-1.3\n\tc8.6,1.3,11.7-0.9,17.1-1.3l2-0.5l3.1,0.2c-3.4-2.6-8.1-3.1-15.4-4.7c-1.5,1-5.5-0.2-8.5,0c-5.3,0.6,0.5,1.3-3.4,2\n\tc-8.3,0.1-3.4-2.5-8.6-3c4.8,0.6,15.2,1.2,17.1-0.3c-4.2-1.1-11.3-1.6-13.7-3c2.6-5.7-21.1-6.3-29.1-10c8.5-1,15.4-2.3,25.6-3\n\tc-5-0.4-8.2-1.1-12-1.7c6.2-1,10.2-2.5,18.8-3c4.9,0,3,1.4,8.5,1.3c8.8-1.4,12.8,0.1,18.8-1.3c1.6,1.6,10.7,1.7,13.7,3\n\tc4.7,0.2,3.4-0.7,6.8-0.7l-0.9-0.5c1.3,0.3,2.9,0.4,4.2,0.4c0.7-0.4,3.3-0.7,6-1.1l-0.9,0.5c7.6,0.3,12.1,1.2,13.7,2.7\n\tc5.5,0.2,5.3-0.6,8.5,0c-4.7,0.9,4.4,0.8,3.4,2c8.3-0.7,13.2,1.2,25.6,0.7c3.2-1.7,15.1-1.7,17.1-3.7c-1.7-1.1-4.9-1.9-8.5-2.7\n\tc13-0.1,3.1,1.2,13.7,1c0.4-0.6-1.9-0.7-1.7-1.3c10.8,0.3,15.9-3,29.1-3.3c4.1,0.8-2.7,0.9-3.4,1.7c3.6,0.3,7.6,0.5,10.3,1l0.9-0.5\n\tc0.8,0.7,0.7,1.5,5.1,1.7l-2.6,0.2c4.3,0.9,9.4,1.7,13.7,2.7c0,0.3-1.4,0.4-1.7,0.7L893,71l-0.9,0.6c5.9,0.1,5.5,1.4,8.6,2\n\tc2.9-0.5,8.6-0.5,10.3-1.3c4.6,0.2,6.5,1,10.3,1.3c-0.1-0.6,0.4-1,1.7-1.3l-2.6-0.4l5.1-0.1l0.8,0.5c2.2,1.6,7.7,3.5,13.7,3.3\n\tc2.8,1.1-0.4,1.3,0,2.7c6.5,0.7,4,1.2,8.5,2.3c8.5-1.4,11.9,1,20.5-0.3c1.9,1.1,8.8,1.2,6.8,3c6.7-1,18.2-0.6,25.6,0\n\tc0.5-1.8,6.6-2.5,10.3-3.7l-2.6-0.4l0.9-0.6c-2.4-0.1-2.9-0.5-5.1-0.7c1.7-1.1,3.4,0.4,5.1,0.3l1.7,0.2l1.7,0.2\n\tc0.3-0.4,2.7-0.4,5.1-0.3c0,0.1,0,0.2,0,0.3l2.6-0.2l2.6,0.2c17.5-1.8,24.4,3.5,34.2,5.3l1.7,0.2c0.2,0.2,0.4,0.4,0.9,0.7l-2.6-0.2\n\tc-0.9,0.9-6.6,0.9-10.3,1.3c-1,1.5,3,2.1,1.7,3.7c9.4-0.2,14.1,0.6,20.5,1c-1-0.9,0.7-1.2,5.1-1l2.6-0.2c0,0,2.6,0.2,0.9-0.5\n\tc0.2-0.4,10.2,0,1.7,0.7l-2,0.5l-3.1-0.2c0,0.3,0,0.7,0,1c6.8,0.4,11.7,1,17.1,0l-0.8-0.5c3.4,0.1,6.4,0.3,9.3,0.7\n\tc1.2-0.1,3.1-0.3,4.4-0.6c0.2-0.3,0-0.6,0-1.1c-0.5-0.4-2.1-0.5-3.6-0.7l-3.2-0.6l2.6,0.2c0.1-0.2,0.2-0.4,1.7-0.3l-0.9-0.5\n\tl-0.9-0.5c-0.5-0.8,0.3-1.3,1.7-1.7c5,0.3-1,1.1,0,1.7l2.6,0.4l-0.9,0.6c2.4,0,3.8,0.2,5.1,0.3c0,0.3-1.4,0.4-1.7,0.7l2.6,0.2\n\tl-0.9,0.5c0.8,0.4,1.8,0.8,3.4,1l0.9-0.5l2.6,0.2c9.2-1.5,16.1,0.3,23.9,0c1-2.1,3.3-4,15.4-4c12.3,2.3-6,6.1-10.3,8.3\n\tc-7-0.2-1-1.4-6.8-1.3c-5.9,1,1.6,1.4-10.3,1c-6.5,1.5,2.7,2.6-3.4,3.3c9.7-1,6.9,1.3,10.3,2.3c2.4,0.8,8.2,1,10.3,2\n\tc1.6,0.8,0.7,1.1,1.7,2c7.6,0.5,17.7-0.4,15.4-1.7c15.5-0.1,10.1-2.2,12-4.7c5.8-0.8,21.3,0.4,20.5-1.7l-2.6,0.2l0.9-0.5\n\tc-0.5-0.7-4.6-0.7-6.8-1l-2,0.5c-0.6-0.2-1-0.5-1.9-0.7l2.2-0.4c-1.2-1.2-2.4-2.4-1.7-4c16.1-0.9,28,1.6,27.4,5\n\tc-2.3,0.3-6.4,0.3-6.8,1c3.6,0.2,4.9,0.8,10.3,0.7c0.5-0.5,2.4-0.6,1.7-1.3c1.4-1.5,8.2-1.4,5.1-3c11,0.4-1.9-1.9,6.8-2\n\tc4.1,1.4,8.2,2.8,10.3,4.7c5.9,1.4,18.9,1.4,23.9,3c-0.2,5.2,6.4,10,27.4,11.7c-0.1,1.1-0.5,2.3,3.4,2.7c0.3-0.8,5.8-0.1,6.8,0\n\tc-8.6-2.7,4.4-5.8,0-8.3c-0.7,0.6-2.2-0.1-5.1,0c0.5,0.9,0.6,1.7-5.1,1.3c0.3-1.3,6.1-1.5,6.8-2.7c-3.2,0-5.7-0.2-6.8-0.7\n\tc-0.8-1.9,5.7-2.4,8.6-3.7c-2.4-0.6-5.3-1.2-8.6-1.7c2.6-0.5,1.5-1.7,1.7-2.7c-7.6-0.9-7.6-3.2-15.4-4c-5.3,0.4,4.3,1.9-3.4,2\n\tc-9-0.2-4.7-1-5.1-2.7c-13.5-1.1-15-4.6-27.4-6c3.2-2.8,1.4-6.6,15.4-7.3c2.8,1.9,11.8,2.6,10.3,5.3c3.1,0.4,8.6-0.3,13.7,0.3\n\tc1.3-1,2.7-1.9,6.8-2.3c11.8,0.6,16.5,4.3,15.4,6.3c2.6,0.9,11.1,0.7,13.7,1.7c-4.2,0.5-3,1.1-1.7,2c8.1,0.1,12.3-0.7,18.8,0\n\tc-0.3-0.8,0.9-1.4,3.4-1.7c0.4,0.5,3.7,0.4,5.1,0.7c4.6-0.6,0.3-1.1,3.4-1.7c4.5-0.1,1.3,1.3,6.8,1c3.5-0.1,1.6-1.2,5.1-1.3\n\tc12-0.6,13.9-3.1,30.8-2.7c4.1,1.5,9.8,2.7,20.5,3c3.8-2.6,16.1-3.5,23.9-5.3c15.5-0.4,15.5,2.3,29.1,2.3l-0.9-0.5l2.6-0.2\n\tc0-0.6,0-1.1,0-1.7c6.2-0.3,3,1.4,1.7,1.7l0.9,0.5l-2.6,0.2c6.9,0.8,6.2,2.4,10.3,3c1.1-1.5,17.2,0,17.1-1.7c7.7,1.3,19.6,0,25.6-1\n\tc3.9,0.3,6,1,12,1c7.4-1.7-1.7-4.4,8.6-5c2.2-0.1,17.5,2.8,12,4c5,0.5,8.4-0.4,12,0.7c-1.8,3.1-3.1,3.9,1.7,7\n\tc5.9-0.1,9.6,0.1,13.7,0.3c0.3-0.4-0.3-0.9,1.7-1c6.8,1.2,13-0.6,20.5-0.3c0.7,0.6-2.5,0.9,0,1c6.2-0.1,7.6-1.2,12-1.7l0.9-0.5\n\tl2.6,0.2c1.9-3.7,24.7-0.3,20.5,1.3c12.9-0.3,21.7,3.1,32.5,4.3c0.5,0.5,2.4,0.6,1.7,1.3c10.6,0.2,12.8,1.9,25.6,1.7\n\tc6.1,0.9,6.3,3,12,4c4.8,0.3,4.4-0.5,8.5-0.3c-0.5,1.3,7.9,1.4,12,1.7c7.6,0.5,8.9,1.7,12,1.7c1.8,0,5.6-2,6.8-0.3l2.6,0.2l-2.6,0.2\n\tc2,0.6,4.5,1.1,6.8,1.7c1.3-1.8,7.9-1.5,5.1-3.7c5-0.4,6.4-1.4,13.7-1.3c6.7,0.4,6.8,2,8.5,3.3c7.9-0.1,14.8,0,18.8,0.7\n\tc0.8-0.4,1.8-0.8,3.4-1c2.2,1.7,10-0.5,13.7-0.7c1.2,2,10.9,2.3,10.3,4.7c14,0.7,21.3,1.3,34.2,1c5.5-2,26.8-1.5,37.6-0.7\n\tc1.1-1.6,13.7-1.4,17.1-0.7c0.5-0.7-2.3-0.7-3.4-1c3.9-1.9,2.1-5.7,8.5-8c-3.1-1.3-8.8-2.1-12-3.3c7.1-3.1-11.3-4-15.4-6\n\tc6.3-1.8,10.1-4,20.5-5c-0.5-1.8,3.4-2.7,12-2.7c5.5-3.4,23.4-4.3,37.6-6c2.6-3.1-8.2-3.5-15.4-4.7c2.4-0.9,4-1.9,10.3-2\n\tc11.9,3.5,35.2,5.2,32.5,10.7c-6.9,0.3-8.7,1.6-10.3,3c8.9,1.1,10.3,3.5,13.7,5.7c-2.5,0.3-5.4,0.5-5.1,1.3c2.3,1.7,13.4,1,18.8,1.3\n\tc-1.7-1.8,9.5-2.7,18.8-3.3c-4.1-0.4-5.5-1.4-6.8-2.3c5.6-4.1,33.7-5.3,30.8-10c-0.5-0.9,6.6-0.3,5.1-1.3\n\tc-4.5-2.9-19.5-0.7-30.8-0.3c-2.5-0.2-4.2-0.5-5.1-1c3.6-2.1,8.1-4,17.1-5c5.2,0,6.7,0.7,10.3,1c6.6-1.7,5-5,15.4-6\n\tc24.1,0.2,40.9,1.7,59.8,3.7c-1.5,2.9,9.5,3.1,0,5c9.2-0.1,13.6,1.4,18.8,1.7c8.8,0.5,20.2,0,27.4,0.3c13.7,0.6,13.4,3.1,8.5,5.7\n\tc8.3-0.1,2.1,1.2,5.1,1.7c7.8-0.8,14.8-0.5,20.9,0.2V0H2188z\"\/>\n<\/svg>\n<\/div><div class=\"l-section-h i-cf\"><div class=\"g-cols vc_row via_grid cols_2-1 laptops-cols_inherit tablets-cols_inherit mobiles-cols_1 valign_top type_default stacking_default\"><div class=\"wpb_column vc_column_container\"><div class=\"vc_column-inner\"><div class=\"wpb_text_column\"><div class=\"wpb_wrapper\"><p>Les comandes s&#8217;envien per <em>correu certificat<\/em> a trav\u00e9s de <strong>GLS<\/strong>, en un sobre folrat que es preparen el mateix dia de la comanda i <strong>tarden un m\u00e0xim de 72 hores a arribar<\/strong>. En una setmana, la comanda hauria d&#8217;haver arribat al seu dest\u00ed (pen\u00ednsula).<\/p>\n<p>Si passat el temps de preparaci\u00f3 i lliurament no has rebut la teva comanda, posa&#8217;t en contacte amb nosaltres a l&#8217;adre\u00e7a de correu tienda@excellenceditorial.com i et facilitarem el <em>N\u00famero de Seguiment<\/em> perqu\u00e8 puguis veure l&#8217;estat de la comanda.<\/p>\n<\/div><\/div><\/div><\/div><div class=\"wpb_column vc_column_container type_sticky\"><div class=\"vc_column-inner\"><\/div><\/div><\/div><\/div><\/section>\n","protected":false},"excerpt":{"rendered":"Despeses i m\u00e8todes d&#8217;enviamentsDespeses d&#8217;enviament : El preu de les despeses d&#8217;enviament s\u00f3n 5,45\u20ac \/ 24h o 3,03 \/ 72h en la Pen\u00ednsula ib\u00e8rica i les Balears. En cas d&#8217;existir una comanda de les Illes Can\u00e0ries, l&#8217;Editorial Excellence es posar\u00e0 en contacte amb el titular de la comanda per procedir a informar-lo dels canvis que...","protected":false},"author":3,"featured_media":0,"parent":0,"menu_order":0,"comment_status":"closed","ping_status":"closed","template":"","meta":{"footnotes":""},"class_list":["post-679","page","type-page","status-publish","hentry"],"yoast_head":"<!-- This site is optimized with the Yoast SEO plugin v27.4 - https:\/\/yoast.com\/product\/yoast-seo-wordpress\/ -->\n<title>Despeses i m\u00e8todes d&#039;enviaments - Excellence Editorial<\/title>\n<meta name=\"robots\" content=\"noindex, nofollow\" \/>\n<meta property=\"og:locale\" content=\"ca_ES\" \/>\n<meta property=\"og:type\" content=\"article\" \/>\n<meta property=\"og:title\" content=\"Despeses i m\u00e8todes d&#039;enviaments - Excellence Editorial\" \/>\n<meta property=\"og:url\" content=\"https:\/\/www.excellenceditorial.com\/ca\/enviaments\/\" \/>\n<meta property=\"og:site_name\" content=\"Excellence Editorial\" \/>\n<meta property=\"article:publisher\" content=\"https:\/\/www.facebook.com\/excellenceditorial\/\" \/>\n<meta property=\"article:modified_time\" content=\"2023-11-02T07:55:21+00:00\" \/>\n<meta name=\"twitter:card\" content=\"summary_large_image\" \/>\n<meta name=\"twitter:label1\" content=\"Temps estimat de lectura\" \/>\n\t<meta name=\"twitter:data1\" content=\"1 minut\" \/>\n<script type=\"application\/ld+json\" class=\"yoast-schema-graph\">{\"@context\":\"https:\\\/\\\/schema.org\",\"@graph\":[{\"@type\":\"WebPage\",\"@id\":\"https:\\\/\\\/www.excellenceditorial.com\\\/ca\\\/enviaments\\\/\",\"url\":\"https:\\\/\\\/www.excellenceditorial.com\\\/ca\\\/enviaments\\\/\",\"name\":\"Despeses i m\u00e8todes d'enviaments - Excellence Editorial\",\"isPartOf\":{\"@id\":\"https:\\\/\\\/www.excellenceditorial.com\\\/#website\"},\"datePublished\":\"2017-06-02T09:34:32+00:00\",\"dateModified\":\"2023-11-02T07:55:21+00:00\",\"breadcrumb\":{\"@id\":\"https:\\\/\\\/www.excellenceditorial.com\\\/ca\\\/enviaments\\\/#breadcrumb\"},\"inLanguage\":\"ca\",\"potentialAction\":[{\"@type\":\"ReadAction\",\"target\":[\"https:\\\/\\\/www.excellenceditorial.com\\\/ca\\\/enviaments\\\/\"]}]},{\"@type\":\"BreadcrumbList\",\"@id\":\"https:\\\/\\\/www.excellenceditorial.com\\\/ca\\\/enviaments\\\/#breadcrumb\",\"itemListElement\":[{\"@type\":\"ListItem\",\"position\":1,\"name\":\"Portada\",\"item\":\"https:\\\/\\\/www.excellenceditorial.com\\\/ca\\\/\"},{\"@type\":\"ListItem\",\"position\":2,\"name\":\"Despeses i m\u00e8todes d&#8217;enviaments\"}]},{\"@type\":\"WebSite\",\"@id\":\"https:\\\/\\\/www.excellenceditorial.com\\\/#website\",\"url\":\"https:\\\/\\\/www.excellenceditorial.com\\\/\",\"name\":\"Excellence Editorial\",\"description\":\"\u00c1lbumes ilustrados para peque\u00f1os y mayores\",\"publisher\":{\"@id\":\"https:\\\/\\\/www.excellenceditorial.com\\\/#organization\"},\"potentialAction\":[{\"@type\":\"SearchAction\",\"target\":{\"@type\":\"EntryPoint\",\"urlTemplate\":\"https:\\\/\\\/www.excellenceditorial.com\\\/?s={search_term_string}\"},\"query-input\":{\"@type\":\"PropertyValueSpecification\",\"valueRequired\":true,\"valueName\":\"search_term_string\"}}],\"inLanguage\":\"ca\"},{\"@type\":\"Organization\",\"@id\":\"https:\\\/\\\/www.excellenceditorial.com\\\/#organization\",\"name\":\"Excellence Editorial\",\"url\":\"https:\\\/\\\/www.excellenceditorial.com\\\/\",\"logo\":{\"@type\":\"ImageObject\",\"inLanguage\":\"ca\",\"@id\":\"https:\\\/\\\/www.excellenceditorial.com\\\/#\\\/schema\\\/logo\\\/image\\\/\",\"url\":\"https:\\\/\\\/www.excellenceditorial.com\\\/wp-content\\\/uploads\\\/2017\\\/05\\\/excellenceditorial_logo.gif\",\"contentUrl\":\"https:\\\/\\\/www.excellenceditorial.com\\\/wp-content\\\/uploads\\\/2017\\\/05\\\/excellenceditorial_logo.gif\",\"width\":190,\"height\":190,\"caption\":\"Excellence Editorial\"},\"image\":{\"@id\":\"https:\\\/\\\/www.excellenceditorial.com\\\/#\\\/schema\\\/logo\\\/image\\\/\"},\"sameAs\":[\"https:\\\/\\\/www.facebook.com\\\/excellenceditorial\\\/\",\"https:\\\/\\\/www.instagram.com\\\/excellenceditorial\\\/\"]}]}<\/script>\n<!-- \/ Yoast SEO plugin. -->","yoast_head_json":{"title":"Despeses i m\u00e8todes d'enviaments - Excellence Editorial","robots":{"index":"noindex","follow":"nofollow"},"og_locale":"ca_ES","og_type":"article","og_title":"Despeses i m\u00e8todes d'enviaments - Excellence Editorial","og_url":"https:\/\/www.excellenceditorial.com\/ca\/enviaments\/","og_site_name":"Excellence Editorial","article_publisher":"https:\/\/www.facebook.com\/excellenceditorial\/","article_modified_time":"2023-11-02T07:55:21+00:00","twitter_card":"summary_large_image","twitter_misc":{"Temps estimat de lectura":"1 minut"},"schema":{"@context":"https:\/\/schema.org","@graph":[{"@type":"WebPage","@id":"https:\/\/www.excellenceditorial.com\/ca\/enviaments\/","url":"https:\/\/www.excellenceditorial.com\/ca\/enviaments\/","name":"Despeses i m\u00e8todes d'enviaments - Excellence Editorial","isPartOf":{"@id":"https:\/\/www.excellenceditorial.com\/#website"},"datePublished":"2017-06-02T09:34:32+00:00","dateModified":"2023-11-02T07:55:21+00:00","breadcrumb":{"@id":"https:\/\/www.excellenceditorial.com\/ca\/enviaments\/#breadcrumb"},"inLanguage":"ca","potentialAction":[{"@type":"ReadAction","target":["https:\/\/www.excellenceditorial.com\/ca\/enviaments\/"]}]},{"@type":"BreadcrumbList","@id":"https:\/\/www.excellenceditorial.com\/ca\/enviaments\/#breadcrumb","itemListElement":[{"@type":"ListItem","position":1,"name":"Portada","item":"https:\/\/www.excellenceditorial.com\/ca\/"},{"@type":"ListItem","position":2,"name":"Despeses i m\u00e8todes d&#8217;enviaments"}]},{"@type":"WebSite","@id":"https:\/\/www.excellenceditorial.com\/#website","url":"https:\/\/www.excellenceditorial.com\/","name":"Excellence Editorial","description":"\u00c1lbumes ilustrados para peque\u00f1os y mayores","publisher":{"@id":"https:\/\/www.excellenceditorial.com\/#organization"},"potentialAction":[{"@type":"SearchAction","target":{"@type":"EntryPoint","urlTemplate":"https:\/\/www.excellenceditorial.com\/?s={search_term_string}"},"query-input":{"@type":"PropertyValueSpecification","valueRequired":true,"valueName":"search_term_string"}}],"inLanguage":"ca"},{"@type":"Organization","@id":"https:\/\/www.excellenceditorial.com\/#organization","name":"Excellence Editorial","url":"https:\/\/www.excellenceditorial.com\/","logo":{"@type":"ImageObject","inLanguage":"ca","@id":"https:\/\/www.excellenceditorial.com\/#\/schema\/logo\/image\/","url":"https:\/\/www.excellenceditorial.com\/wp-content\/uploads\/2017\/05\/excellenceditorial_logo.gif","contentUrl":"https:\/\/www.excellenceditorial.com\/wp-content\/uploads\/2017\/05\/excellenceditorial_logo.gif","width":190,"height":190,"caption":"Excellence Editorial"},"image":{"@id":"https:\/\/www.excellenceditorial.com\/#\/schema\/logo\/image\/"},"sameAs":["https:\/\/www.facebook.com\/excellenceditorial\/","https:\/\/www.instagram.com\/excellenceditorial\/"]}]}},"_links":{"self":[{"href":"https:\/\/www.excellenceditorial.com\/ca\/wp-json\/wp\/v2\/pages\/679","targetHints":{"allow":["GET"]}}],"collection":[{"href":"https:\/\/www.excellenceditorial.com\/ca\/wp-json\/wp\/v2\/pages"}],"about":[{"href":"https:\/\/www.excellenceditorial.com\/ca\/wp-json\/wp\/v2\/types\/page"}],"author":[{"embeddable":true,"href":"https:\/\/www.excellenceditorial.com\/ca\/wp-json\/wp\/v2\/users\/3"}],"replies":[{"embeddable":true,"href":"https:\/\/www.excellenceditorial.com\/ca\/wp-json\/wp\/v2\/comments?post=679"}],"version-history":[{"count":1,"href":"https:\/\/www.excellenceditorial.com\/ca\/wp-json\/wp\/v2\/pages\/679\/revisions"}],"predecessor-version":[{"id":5262,"href":"https:\/\/www.excellenceditorial.com\/ca\/wp-json\/wp\/v2\/pages\/679\/revisions\/5262"}],"wp:attachment":[{"href":"https:\/\/www.excellenceditorial.com\/ca\/wp-json\/wp\/v2\/media?parent=679"}],"curies":[{"name":"wp","href":"https:\/\/api.w.org\/{rel}","templated":true}]}}