{"id":3181,"date":"2022-02-23T20:12:14","date_gmt":"2022-02-23T19:12:14","guid":{"rendered":"https:\/\/www.excellenceditorial.com\/politica-de-cookies\/"},"modified":"2026-01-14T22:51:05","modified_gmt":"2026-01-14T21:51:05","slug":"politica-de-cookies","status":"publish","type":"page","link":"https:\/\/www.excellenceditorial.com\/ca\/politica-de-cookies\/","title":{"rendered":"Pol\u00edtica de cookies"},"content":{"rendered":"<section class=\"l-section wpb_row height_medium\"><div class=\"l-section-h i-cf\"><div class=\"g-cols vc_row via_grid cols_1 laptops-cols_inherit tablets-cols_inherit mobiles-cols_1 valign_top type_default stacking_default\"><div class=\"wpb_column vc_column_container\"><div class=\"vc_column-inner\"><div class=\"wpb_text_column\"><div class=\"wpb_wrapper\"><h2>Concepto de Cookies<\/h2>\n<p>Las cookies constituyen una herramienta empleada por los servidores Web para almacenar y recuperar informaci\u00f3n acerca de sus visitantes o usuarios. No es m\u00e1s que un fichero de texto que algunos servidores instalan durante la navegaci\u00f3n y que permiten conocer informaci\u00f3n como por ejemplo: el lugar desde el que accede, el tiempo de conexi\u00f3n, el dispositivo desde el que accede (fijo o m\u00f3vil), el sistema operativo y navegador utilizados, las p\u00e1ginas m\u00e1s visitadas, el n\u00famero de clicks realizados y de datos respecto al comportamiento del usuario en Internet. No proporcionan referencias que permitan deducir el nombre y apellidos del usuario y no pueden leer datos de su disco duro ni incluir virus en sus equipos. Asimismo, no puede leer las cookies implantadas en el disco duro del usuario desde otros servidores.<\/p>\n<h2>\u00bfPor qu\u00e9 son importantes?<\/h2>\n<p>El sitio web es accesible sin necesidad de que las cookies est\u00e9n activadas, si bien, su desactivaci\u00f3n puede impedir su funcionamiento correcto. Desde un punto de vista t\u00e9cnico las cookies permiten que los sitios web funcionen de forma m\u00e1s \u00e1gil y adaptada a las preferencias de los usuarios, como por ejemplo almacenar el idioma, la moneda del pa\u00eds o detectar el dispositivo de acceso. Establecen niveles de protecci\u00f3n y seguridad que impiden o dificultan ciberataques contra el sitio web o sus usuarios. Permiten que los gestores de los medios puedan conocer datos estad\u00edsticos recopilados para mejorar la calidad y experiencia de sus servicios. Sirven para optimizar la publicidad que mostramos a los usuarios, ofreciendo la que m\u00e1s se ajusta a sus intereses.<\/p>\n<h2>Autorizaci\u00f3n para el uso de cookies<\/h2>\n<p>En el sitio web aparece un <strong>Aviso de Cookies<\/strong> que el usuario o visitante puede aceptar, consintiendo expresamente al uso de las cookies seg\u00fan se indica a continuaci\u00f3n. El usuario puede configurar su navegador para rechazar por defecto todas las cookies o para recibir un aviso en pantalla de la recepci\u00f3n de cada cookie y decidir sobre su instalaci\u00f3n o no en su disco duro.<\/p>\n<h2>Configuraci\u00f3n del navegador<\/h2>\n<p><strong>Excellence Books Stories &amp; Emotions.SL (CIF: B25973835)<\/strong>, con domicilio en C\/Francesc Layret, 6, 08100 Mollet del Vall\u00e9s (Barcelona), recuerda a sus usuarios que el uso de cookies podr\u00e1 estar sujeto a su aceptaci\u00f3n durante la instalaci\u00f3n o actualizaci\u00f3n del navegador utilizado por \u00e9stos.<\/p>\n<p>Esta aceptaci\u00f3n podr\u00e1 ser revocada mediante las opciones de configuraci\u00f3n de contenidos y privacidad disponibles en el mismo. El Titular recomienda a sus usuarios que consulten la ayuda de su navegador o acceda a las p\u00e1ginas web de ayuda de los principales navegadores: Firefox, Internet Explorer, Safari, Chrome.<\/p>\n<p>Si desea m\u00e1s informaci\u00f3n acerca de c\u00f3mo revocar el consentimiento prestado o sobre el procedimiento para deshabilitar las cookies, as\u00ed como realizar alguna pregunta sobre la Pol\u00edtica de Cookies, puede contactar con el titular a trav\u00e9s de la siguiente direcci\u00f3n de correo <strong>excellenceditorial@hotmail.com<\/strong>.<\/p>\n<h2>Tipos de Cookies que se utilizan en la Web<\/h2>\n<p>El usuario que navega por la Web puede encontrar cookies insertadas directamente por el titular, o bien cookies insertadas por entidades distintas al titular, seg\u00fan lo detallado en los siguientes apartados:<\/p>\n<ul>\n<li><strong>Cookies de sesi\u00f3n:<\/strong> expiran cuando el usuario abandona la p\u00e1gina o cierra el navegador; es decir, est\u00e1n activas mientras dura la visita al sitio web y por tanto son borradas de nuestro ordenador al abandonarlo.<\/li>\n<li><strong>Cookies permanentes:<\/strong> expiran cuando se cumple el objetivo para el que sirven o bien cuando se borran manualmente, tienen fecha de borrado y se utilizan normalmente en proceso de compra online, personalizaciones o en el registro, para no tener que introducir una contrase\u00f1a constantemente.<\/li>\n<\/ul>\n<p>Seg\u00fan la entidad que gestiona el equipo o dominio desde donde se env\u00edan las cookies y trata los datos que se obtengan, podemos distinguir entre Cookies propias y de terceros.<\/p>\n<ul>\n<li><strong>Cookies propias:<\/strong> son aquellas cookies que son enviadas al ordenador del usuario y son gestionadas exclusivamente por nosotros para el mejor funcionamiento del Sitio Web.<\/li>\n<li><strong>Cookies de terceros:<\/strong> cuando el usuario interact\u00faa con el contenido de nuestro sitio Web tambi\u00e9n pueden establecerse cookies de terceros (por ejemplo, al pulsar botones de redes sociales o visionar v\u00eddeos alojados en otro sitio web).<\/li>\n<\/ul>\n<p>Navegar por este portal web supone que se puedan instalar los siguientes tipos de Cookies:<\/p>\n<table class=\"table table-responsive\">\n<thead>\n<tr>\n<th>Tipo de Cookie<\/th>\n<th>Descripci\u00f3n<\/th>\n<th>Ejemplos de uso<\/th>\n<\/tr>\n<\/thead>\n<tbody>\n<tr>\n<th>Rendimiento<\/th>\n<td>Estas cookies se utilizan para mejorar tu experiencia de navegaci\u00f3n y optimizar el funcionamiento de nuestro sitio web. Almacenan configuraciones de servicios para que no tengas que reconfigurarlos cada vez que nos visitas.<\/td>\n<td>Almacena la compra realizada en un &#8220;carrito de la compra&#8221; en los Servicios de E-commerce.<\/td>\n<\/tr>\n<tr>\n<th>De registro<\/th>\n<td>Las cookies de registro se crean al registrarte o cuando inicias sesi\u00f3n en uno de nuestros sitios web.<\/td>\n<td>Permite mantenerte autenticado aunque cierres el navegador, y permite el acceso a ciertas zonas exclusivas como concursos.<\/td>\n<\/tr>\n<tr>\n<th>Anal\u00edticas<\/th>\n<td>Estas cookies recopilan informaci\u00f3n de tu experiencia de navegaci\u00f3n en nuestro sitio web de forma totalmente an\u00f3nima.<\/td>\n<td>Contabilizar el n\u00famero de visitantes, saber si el usuario es nuevo o repite visita, y mejorar la navegaci\u00f3n general.<\/td>\n<\/tr>\n<\/tbody>\n<\/table>\n<\/div><\/div><\/div><\/div><\/div><\/div><\/section>\n","protected":false},"excerpt":{"rendered":"Concepto de Cookies Las cookies constituyen una herramienta empleada por los servidores Web para almacenar y recuperar informaci\u00f3n acerca de sus visitantes o usuarios. No es m\u00e1s que un fichero de texto que algunos servidores instalan durante la navegaci\u00f3n y que permiten conocer informaci\u00f3n como por ejemplo: el lugar desde el que accede, el tiempo...","protected":false},"author":3,"featured_media":0,"parent":0,"menu_order":0,"comment_status":"closed","ping_status":"closed","template":"","meta":{"footnotes":""},"class_list":["post-3181","page","type-page","status-publish","hentry"],"yoast_head":"<!-- This site is optimized with the Yoast SEO plugin v27.4 - https:\/\/yoast.com\/product\/yoast-seo-wordpress\/ -->\n<title>Pol\u00edtica de cookies - Excellence Editorial<\/title>\n<meta name=\"robots\" content=\"noindex, nofollow\" \/>\n<meta property=\"og:locale\" content=\"ca_ES\" \/>\n<meta property=\"og:type\" content=\"article\" \/>\n<meta property=\"og:title\" content=\"Pol\u00edtica de cookies - Excellence Editorial\" \/>\n<meta property=\"og:url\" content=\"https:\/\/www.excellenceditorial.com\/politica-de-cookies\/\" \/>\n<meta property=\"og:site_name\" content=\"Excellence Editorial\" \/>\n<meta property=\"article:publisher\" content=\"https:\/\/www.facebook.com\/excellenceditorial\/\" \/>\n<meta property=\"article:modified_time\" content=\"2026-01-14T21:51:05+00:00\" \/>\n<meta name=\"twitter:card\" content=\"summary_large_image\" \/>\n<meta name=\"twitter:label1\" content=\"Temps estimat de lectura\" \/>\n\t<meta name=\"twitter:data1\" content=\"4 minuts\" \/>\n<script type=\"application\/ld+json\" class=\"yoast-schema-graph\">{\"@context\":\"https:\\\/\\\/schema.org\",\"@graph\":[{\"@type\":\"WebPage\",\"@id\":\"https:\\\/\\\/www.excellenceditorial.com\\\/politica-de-cookies\\\/\",\"url\":\"https:\\\/\\\/www.excellenceditorial.com\\\/politica-de-cookies\\\/\",\"name\":\"Pol\u00edtica de cookies - Excellence Editorial\",\"isPartOf\":{\"@id\":\"https:\\\/\\\/www.excellenceditorial.com\\\/#website\"},\"datePublished\":\"2022-02-23T19:12:14+00:00\",\"dateModified\":\"2026-01-14T21:51:05+00:00\",\"breadcrumb\":{\"@id\":\"https:\\\/\\\/www.excellenceditorial.com\\\/politica-de-cookies\\\/#breadcrumb\"},\"inLanguage\":\"ca\",\"potentialAction\":[{\"@type\":\"ReadAction\",\"target\":[\"https:\\\/\\\/www.excellenceditorial.com\\\/politica-de-cookies\\\/\"]}]},{\"@type\":\"BreadcrumbList\",\"@id\":\"https:\\\/\\\/www.excellenceditorial.com\\\/politica-de-cookies\\\/#breadcrumb\",\"itemListElement\":[{\"@type\":\"ListItem\",\"position\":1,\"name\":\"Portada\",\"item\":\"https:\\\/\\\/www.excellenceditorial.com\\\/ca\\\/\"},{\"@type\":\"ListItem\",\"position\":2,\"name\":\"Pol\u00edtica de cookies\"}]},{\"@type\":\"WebSite\",\"@id\":\"https:\\\/\\\/www.excellenceditorial.com\\\/#website\",\"url\":\"https:\\\/\\\/www.excellenceditorial.com\\\/\",\"name\":\"Excellence Editorial\",\"description\":\"\u00c1lbumes ilustrados para peque\u00f1os y mayores\",\"publisher\":{\"@id\":\"https:\\\/\\\/www.excellenceditorial.com\\\/#organization\"},\"potentialAction\":[{\"@type\":\"SearchAction\",\"target\":{\"@type\":\"EntryPoint\",\"urlTemplate\":\"https:\\\/\\\/www.excellenceditorial.com\\\/?s={search_term_string}\"},\"query-input\":{\"@type\":\"PropertyValueSpecification\",\"valueRequired\":true,\"valueName\":\"search_term_string\"}}],\"inLanguage\":\"ca\"},{\"@type\":\"Organization\",\"@id\":\"https:\\\/\\\/www.excellenceditorial.com\\\/#organization\",\"name\":\"Excellence Editorial\",\"url\":\"https:\\\/\\\/www.excellenceditorial.com\\\/\",\"logo\":{\"@type\":\"ImageObject\",\"inLanguage\":\"ca\",\"@id\":\"https:\\\/\\\/www.excellenceditorial.com\\\/#\\\/schema\\\/logo\\\/image\\\/\",\"url\":\"https:\\\/\\\/www.excellenceditorial.com\\\/wp-content\\\/uploads\\\/2017\\\/05\\\/excellenceditorial_logo.gif\",\"contentUrl\":\"https:\\\/\\\/www.excellenceditorial.com\\\/wp-content\\\/uploads\\\/2017\\\/05\\\/excellenceditorial_logo.gif\",\"width\":190,\"height\":190,\"caption\":\"Excellence Editorial\"},\"image\":{\"@id\":\"https:\\\/\\\/www.excellenceditorial.com\\\/#\\\/schema\\\/logo\\\/image\\\/\"},\"sameAs\":[\"https:\\\/\\\/www.facebook.com\\\/excellenceditorial\\\/\",\"https:\\\/\\\/www.instagram.com\\\/excellenceditorial\\\/\"]}]}<\/script>\n<!-- \/ Yoast SEO plugin. -->","yoast_head_json":{"title":"Pol\u00edtica de cookies - Excellence Editorial","robots":{"index":"noindex","follow":"nofollow"},"og_locale":"ca_ES","og_type":"article","og_title":"Pol\u00edtica de cookies - Excellence Editorial","og_url":"https:\/\/www.excellenceditorial.com\/politica-de-cookies\/","og_site_name":"Excellence Editorial","article_publisher":"https:\/\/www.facebook.com\/excellenceditorial\/","article_modified_time":"2026-01-14T21:51:05+00:00","twitter_card":"summary_large_image","twitter_misc":{"Temps estimat de lectura":"4 minuts"},"schema":{"@context":"https:\/\/schema.org","@graph":[{"@type":"WebPage","@id":"https:\/\/www.excellenceditorial.com\/politica-de-cookies\/","url":"https:\/\/www.excellenceditorial.com\/politica-de-cookies\/","name":"Pol\u00edtica de cookies - Excellence Editorial","isPartOf":{"@id":"https:\/\/www.excellenceditorial.com\/#website"},"datePublished":"2022-02-23T19:12:14+00:00","dateModified":"2026-01-14T21:51:05+00:00","breadcrumb":{"@id":"https:\/\/www.excellenceditorial.com\/politica-de-cookies\/#breadcrumb"},"inLanguage":"ca","potentialAction":[{"@type":"ReadAction","target":["https:\/\/www.excellenceditorial.com\/politica-de-cookies\/"]}]},{"@type":"BreadcrumbList","@id":"https:\/\/www.excellenceditorial.com\/politica-de-cookies\/#breadcrumb","itemListElement":[{"@type":"ListItem","position":1,"name":"Portada","item":"https:\/\/www.excellenceditorial.com\/ca\/"},{"@type":"ListItem","position":2,"name":"Pol\u00edtica de cookies"}]},{"@type":"WebSite","@id":"https:\/\/www.excellenceditorial.com\/#website","url":"https:\/\/www.excellenceditorial.com\/","name":"Excellence Editorial","description":"\u00c1lbumes ilustrados para peque\u00f1os y mayores","publisher":{"@id":"https:\/\/www.excellenceditorial.com\/#organization"},"potentialAction":[{"@type":"SearchAction","target":{"@type":"EntryPoint","urlTemplate":"https:\/\/www.excellenceditorial.com\/?s={search_term_string}"},"query-input":{"@type":"PropertyValueSpecification","valueRequired":true,"valueName":"search_term_string"}}],"inLanguage":"ca"},{"@type":"Organization","@id":"https:\/\/www.excellenceditorial.com\/#organization","name":"Excellence Editorial","url":"https:\/\/www.excellenceditorial.com\/","logo":{"@type":"ImageObject","inLanguage":"ca","@id":"https:\/\/www.excellenceditorial.com\/#\/schema\/logo\/image\/","url":"https:\/\/www.excellenceditorial.com\/wp-content\/uploads\/2017\/05\/excellenceditorial_logo.gif","contentUrl":"https:\/\/www.excellenceditorial.com\/wp-content\/uploads\/2017\/05\/excellenceditorial_logo.gif","width":190,"height":190,"caption":"Excellence Editorial"},"image":{"@id":"https:\/\/www.excellenceditorial.com\/#\/schema\/logo\/image\/"},"sameAs":["https:\/\/www.facebook.com\/excellenceditorial\/","https:\/\/www.instagram.com\/excellenceditorial\/"]}]}},"_links":{"self":[{"href":"https:\/\/www.excellenceditorial.com\/ca\/wp-json\/wp\/v2\/pages\/3181","targetHints":{"allow":["GET"]}}],"collection":[{"href":"https:\/\/www.excellenceditorial.com\/ca\/wp-json\/wp\/v2\/pages"}],"about":[{"href":"https:\/\/www.excellenceditorial.com\/ca\/wp-json\/wp\/v2\/types\/page"}],"author":[{"embeddable":true,"href":"https:\/\/www.excellenceditorial.com\/ca\/wp-json\/wp\/v2\/users\/3"}],"replies":[{"embeddable":true,"href":"https:\/\/www.excellenceditorial.com\/ca\/wp-json\/wp\/v2\/comments?post=3181"}],"version-history":[{"count":3,"href":"https:\/\/www.excellenceditorial.com\/ca\/wp-json\/wp\/v2\/pages\/3181\/revisions"}],"predecessor-version":[{"id":5970,"href":"https:\/\/www.excellenceditorial.com\/ca\/wp-json\/wp\/v2\/pages\/3181\/revisions\/5970"}],"wp:attachment":[{"href":"https:\/\/www.excellenceditorial.com\/ca\/wp-json\/wp\/v2\/media?parent=3181"}],"curies":[{"name":"wp","href":"https:\/\/api.w.org\/{rel}","templated":true}]}}